{"id":800,"date":"2023-10-30T16:45:19","date_gmt":"2023-10-30T15:45:19","guid":{"rendered":"https:\/\/centrodepsicologiadaimon.com\/?page_id=800"},"modified":"2023-12-11T18:21:09","modified_gmt":"2023-12-11T17:21:09","slug":"blog-1","status":"publish","type":"page","link":"https:\/\/centrodepsicologiadaimon.com\/index.php\/blog-1\/","title":{"rendered":"Acercando el duelo perinatal: caracter\u00edsticas y efectos psicol\u00f3gicos tras la p\u00e9rdida"},"content":{"rendered":"\t\t<div data-elementor-type=\"wp-page\" data-elementor-id=\"800\" class=\"elementor elementor-800\">\n\t\t\t\t\t\t\t<div class=\"elementor-element elementor-element-65d047f e-flex e-con-boxed e-con e-parent\" data-id=\"65d047f\" data-element_type=\"container\" data-settings=\"{&quot;content_width&quot;:&quot;boxed&quot;}\" data-core-v316-plus=\"true\">\n\t\t\t\t\t<div class=\"e-con-inner\">\n\t\t\t\t<div class=\"elementor-element elementor-element-a1f6d10 elementor-widget elementor-widget-heading\" data-id=\"a1f6d10\" data-element_type=\"widget\" data-widget_type=\"heading.default\">\n\t\t\t\t<div class=\"elementor-widget-container\">\n\t\t\t<style>\/*! elementor - v3.16.0 - 20-09-2023 *\/\n.elementor-heading-title{padding:0;margin:0;line-height:1}.elementor-widget-heading .elementor-heading-title[class*=elementor-size-]>a{color:inherit;font-size:inherit;line-height:inherit}.elementor-widget-heading .elementor-heading-title.elementor-size-small{font-size:15px}.elementor-widget-heading .elementor-heading-title.elementor-size-medium{font-size:19px}.elementor-widget-heading .elementor-heading-title.elementor-size-large{font-size:29px}.elementor-widget-heading .elementor-heading-title.elementor-size-xl{font-size:39px}.elementor-widget-heading .elementor-heading-title.elementor-size-xxl{font-size:59px}<\/style><h2 class=\"elementor-heading-title elementor-size-xl\">Acercando el duelo perinatal:  caracter\u00edsticas y efectos psicol\u00f3gicos tras la p\u00e9rdida<\/h2>\t\t<\/div>\n\t\t\t\t<\/div>\n\t\t\t\t\t<\/div>\n\t\t\t\t<\/div>\n\t\t<div class=\"elementor-element elementor-element-928e629 e-flex e-con-boxed e-con e-parent\" data-id=\"928e629\" data-element_type=\"container\" data-settings=\"{&quot;content_width&quot;:&quot;boxed&quot;}\" data-core-v316-plus=\"true\">\n\t\t\t\t\t<div class=\"e-con-inner\">\n\t\t<div class=\"elementor-element elementor-element-aef3cb6 e-con-full e-flex e-con e-child\" data-id=\"aef3cb6\" data-element_type=\"container\" data-settings=\"{&quot;content_width&quot;:&quot;full&quot;}\">\n\t\t\t\t<div class=\"elementor-element elementor-element-3856c9e elementor-widget elementor-widget-image\" data-id=\"3856c9e\" data-element_type=\"widget\" data-widget_type=\"image.default\">\n\t\t\t\t<div class=\"elementor-widget-container\">\n\t\t\t<style>\/*! elementor - v3.16.0 - 20-09-2023 *\/\n.elementor-widget-image{text-align:center}.elementor-widget-image a{display:inline-block}.elementor-widget-image a img[src$=\".svg\"]{width:48px}.elementor-widget-image img{vertical-align:middle;display:inline-block}<\/style>\t\t\t\t\t\t\t\t\t\t\t\t<img decoding=\"async\" loading=\"lazy\" width=\"300\" height=\"168\" src=\"https:\/\/centrodepsicologiadaimon.com\/wp-content\/uploads\/2023\/10\/Imagen-1.jpg\" class=\"attachment-full size-full wp-image-751\" alt=\"\" sizes=\"100vw\" \/>\t\t\t\t\t\t\t\t\t\t\t\t\t\t\t<\/div>\n\t\t\t\t<\/div>\n\t\t\t\t<\/div>\n\t\t\t\t\t<\/div>\n\t\t\t\t<\/div>\n\t\t<div class=\"elementor-element elementor-element-8fbb4ab e-flex e-con-boxed e-con e-parent\" data-id=\"8fbb4ab\" data-element_type=\"container\" data-settings=\"{&quot;content_width&quot;:&quot;boxed&quot;}\" data-core-v316-plus=\"true\">\n\t\t\t\t\t<div class=\"e-con-inner\">\n\t\t\t\t<div class=\"elementor-element elementor-element-ffcf999 elementor-widget elementor-widget-text-editor\" data-id=\"ffcf999\" data-element_type=\"widget\" data-widget_type=\"text-editor.default\">\n\t\t\t\t<div class=\"elementor-widget-container\">\n\t\t\t<style>\/*! elementor - v3.16.0 - 20-09-2023 *\/\n.elementor-widget-text-editor.elementor-drop-cap-view-stacked .elementor-drop-cap{background-color:#69727d;color:#fff}.elementor-widget-text-editor.elementor-drop-cap-view-framed .elementor-drop-cap{color:#69727d;border:3px solid;background-color:transparent}.elementor-widget-text-editor:not(.elementor-drop-cap-view-default) .elementor-drop-cap{margin-top:8px}.elementor-widget-text-editor:not(.elementor-drop-cap-view-default) .elementor-drop-cap-letter{width:1em;height:1em}.elementor-widget-text-editor .elementor-drop-cap{float:left;text-align:center;line-height:1;font-size:50px}.elementor-widget-text-editor .elementor-drop-cap-letter{display:inline-block}<\/style>\t\t\t\t<div><p class=\"xvisr\"><span class=\"b2eff\">La p\u00e9rdida perinatal, no es un hecho aislado y poco frecuente. Son muchas las familias que se enfrentan a una de las experiencias m\u00e1s duras por las que puede pasar un ser humano, la p\u00e9rdida de su beb\u00e9.<\/span><\/p><\/div><div><p class=\"xvisr\"><span class=\"b2eff\">En torno al duelo perinatal se encuentran ideas preconcebidas y populares como:<\/span><\/p><\/div><div><p class=\"xvisr\"><span style=\"text-decoration: underline;\"><em>\u201cEs s\u00f3lo una c\u00e9lula\u2026\u201d<\/em><\/span><\/p><\/div><div><p class=\"xvisr\"><span style=\"text-decoration: underline;\"><em>\u201cYa tendr\u00e9is otro hij@\u201d<\/em><\/span><\/p><\/div><div><p class=\"xvisr\"><span style=\"text-decoration: underline;\"><em>\u201c\u00a1Si no hab\u00e9is llegado a conocerlo!\u201d<\/em><\/span><\/p><\/div><div><p class=\"xvisr\"><span style=\"text-decoration: underline;\"><em>\u201cMenos tiempo de vida, menos dolor\u201d<\/em><\/span><\/p><\/div><div><p class=\"xvisr\"><span style=\"text-decoration: underline;\"><em>\u201c Mejor as\u00ed, para que viniese mal\u2026\u201d<\/em><\/span><\/p><\/div><div><p class=\"xvisr\"><span style=\"text-decoration: underline;\"><em>\u201cHa pasado ya mucho tiempo, \u00a1olvidalo!\u201d<\/em><\/span><\/p><\/div><div><p class=\"xvisr\"><em>Por un momento, p\u00e1rate\u2026cierra los ojos\u2026 toma aire\u2026 y, ponte en el lugar de aquellas personas que han vivido la p\u00e9rdida de su hij@, escucha como te dicen esas frases&#8230;\u00bfc\u00f3mo te llegan? \u00bfc\u00f3mo te sientes al escucharlas?\u00bfte sientes comprendid@? \u00bfte sientes acompa\u00f1ad@?. Si hemos hecho este peque\u00f1o ejercicio, nos podemos hacer una peque\u00f1a idea del sufrimiento por el que pasan algunas personas que han perdido a su hij@.<\/em><\/p><\/div><div><p class=\"xvisr\"><em>Todas estas ideas y muchas otras que circulan por la sociedad actual hacen que las personas que lo sufren se sientan desplazadas, incomprendidas, sin apoyo social y, en consecuencia en soledad a la hora de afrontar una experiencia tan dura como la de perder a un hij@.<\/em><\/p><\/div><div><p class=\"xvisr\"><em>El duelo perinatal presenta una serie de caracter\u00edsticas que lo diferencian de otros tipos de duelo, convirti\u00e9ndolo en un duelo m\u00faltiple. Estas caracter\u00edsticas son: la p\u00e9rdida del hij@ proyectado, la p\u00e9rdida de la plenitud de la pareja, la p\u00e9rdida de una etapa de la vida (maternidad y paternidad), la p\u00e9rdida de alg\u00fan aspecto de s\u00ed mismos como resultado del embarazo y de tener ese hij@, la p\u00e9rdida de un sue\u00f1o y una creaci\u00f3n y, en algunos casos, la p\u00e9rdida de la posibilidad de tanscendencia (Fuentetaja y Iriondo, 2018). Todo ello debe ser abordado de cara a una intervenci\u00f3n psicol\u00f3gica.<\/em><\/p><\/div><div><p class=\"xvisr\"><em>Hasta aqu\u00ed algunas de las caracter\u00edsticas del duelo perinatal pero, \u00bfqu\u00e9 efectos psicol\u00f3gicos conlleva la p\u00e9rdida de un hij@?<\/em><\/p><\/div><div><p class=\"xvisr\"><em>Esta experiencia tiene repercusiones a nivel emocional, social, la vida de pareja y los v\u00ednculos sociales inmediatos. Algunos de estos efectos psicol\u00f3gicos son: tristeza, culpabilidad, s\u00edntomas som\u00e1ticos, ansiedad ante la muerte, depresi\u00f3n, culpa, preocupaci\u00f3n en los siguientes embarazos, rabia, shock, enfado, tensi\u00f3n muscular, insomnio, dolor de cabeza, cansancio, dificultades de concentraci\u00f3n, vivencia del trauma con ideas intrusivas y fantas\u00edas sobre el embri\u00f3n\/feto, falta de apetito, aislamiento social\u2026 (Santos, Ya\u00f1ez, Al-Adib, 2015).<\/em><\/p><\/div><div><p class=\"xvisr\"><em>Con estas pinceladas sobre el duelo perinatal podemos ver la importancia del tema de cara a un abordaje terap\u00e9utico y para las personas que lo sufren.<\/em><\/p><\/div><div><p class=\"xvisr\"><em>Espero haber podido acercaros esta realidad, la realidad de muchas personas a las que les toca vivirlo en su propia piel.<\/em><\/p><\/div><div><p class=\"xvisr\"><strong><em>Un abrazo a tod@s<\/em><\/strong><\/p><\/div><div><p class=\"xvisr\"><strong><em>Ester Mart\u00edn Lafuente<\/em><\/strong><\/p><\/div>\t\t\t\t\t\t<\/div>\n\t\t\t\t<\/div>\n\t\t\t\t\t<\/div>\n\t\t\t\t<\/div>\n\t\t<div class=\"elementor-element elementor-element-461b181 e-flex e-con-boxed e-con e-parent\" data-id=\"461b181\" data-element_type=\"container\" data-settings=\"{&quot;content_width&quot;:&quot;boxed&quot;}\" data-core-v316-plus=\"true\">\n\t\t\t\t\t<div class=\"e-con-inner\">\n\t\t\t\t<div class=\"elementor-element elementor-element-f4976c7 elementor-widget elementor-widget-spacer\" data-id=\"f4976c7\" data-element_type=\"widget\" data-widget_type=\"spacer.default\">\n\t\t\t\t<div class=\"elementor-widget-container\">\n\t\t\t<style>\/*! elementor - v3.16.0 - 20-09-2023 *\/\n.elementor-column .elementor-spacer-inner{height:var(--spacer-size)}.e-con{--container-widget-width:100%}.e-con-inner>.elementor-widget-spacer,.e-con>.elementor-widget-spacer{width:var(--container-widget-width,var(--spacer-size));--align-self:var(--container-widget-align-self,initial);--flex-shrink:0}.e-con-inner>.elementor-widget-spacer>.elementor-widget-container,.e-con>.elementor-widget-spacer>.elementor-widget-container{height:100%;width:100%}.e-con-inner>.elementor-widget-spacer>.elementor-widget-container>.elementor-spacer,.e-con>.elementor-widget-spacer>.elementor-widget-container>.elementor-spacer{height:100%}.e-con-inner>.elementor-widget-spacer>.elementor-widget-container>.elementor-spacer>.elementor-spacer-inner,.e-con>.elementor-widget-spacer>.elementor-widget-container>.elementor-spacer>.elementor-spacer-inner{height:var(--container-widget-height,var(--spacer-size))}.e-con-inner>.elementor-widget-spacer.elementor-widget-empty,.e-con>.elementor-widget-spacer.elementor-widget-empty{position:relative;min-height:22px;min-width:22px}.e-con-inner>.elementor-widget-spacer.elementor-widget-empty .elementor-widget-empty-icon,.e-con>.elementor-widget-spacer.elementor-widget-empty .elementor-widget-empty-icon{position:absolute;top:0;bottom:0;left:0;right:0;margin:auto;padding:0;width:22px;height:22px}<\/style>\t\t<div class=\"elementor-spacer\">\n\t\t\t<div class=\"elementor-spacer-inner\"><\/div>\n\t\t<\/div>\n\t\t\t\t<\/div>\n\t\t\t\t<\/div>\n\t\t\t\t\t<\/div>\n\t\t\t\t<\/div>\n\t\t\t\t\t\t\t<\/div>\n\t\t","protected":false},"excerpt":{"rendered":"<p>Acercando el duelo perinatal: caracter\u00edsticas y efectos psicol\u00f3gicos tras la p\u00e9rdida La p\u00e9rdida perinatal, no es un hecho aislado y poco frecuente. Son muchas las familias que se enfrentan a una de las experiencias m\u00e1s duras por las que puede pasar un ser humano, la p\u00e9rdida de su beb\u00e9. En torno al duelo perinatal se &hellip; <\/p>\n<p class=\"link-more\"><a href=\"https:\/\/centrodepsicologiadaimon.com\/index.php\/blog-1\/\" class=\"more-link\">Leer m\u00e1s<span class=\"screen-reader-text\"> \u00abAcercando el duelo perinatal: caracter\u00edsticas y efectos psicol\u00f3gicos tras la p\u00e9rdida\u00bb<\/span><\/a><\/p>\n","protected":false},"author":1,"featured_media":0,"parent":0,"menu_order":0,"comment_status":"closed","ping_status":"closed","template":"","meta":{"_monsterinsights_skip_tracking":false,"_monsterinsights_sitenote_active":false,"_monsterinsights_sitenote_note":"","_monsterinsights_sitenote_category":0,"footnotes":""},"aioseo_notices":[],"_links":{"self":[{"href":"https:\/\/centrodepsicologiadaimon.com\/index.php\/wp-json\/wp\/v2\/pages\/800"}],"collection":[{"href":"https:\/\/centrodepsicologiadaimon.com\/index.php\/wp-json\/wp\/v2\/pages"}],"about":[{"href":"https:\/\/centrodepsicologiadaimon.com\/index.php\/wp-json\/wp\/v2\/types\/page"}],"author":[{"embeddable":true,"href":"https:\/\/centrodepsicologiadaimon.com\/index.php\/wp-json\/wp\/v2\/users\/1"}],"replies":[{"embeddable":true,"href":"https:\/\/centrodepsicologiadaimon.com\/index.php\/wp-json\/wp\/v2\/comments?post=800"}],"version-history":[{"count":17,"href":"https:\/\/centrodepsicologiadaimon.com\/index.php\/wp-json\/wp\/v2\/pages\/800\/revisions"}],"predecessor-version":[{"id":1371,"href":"https:\/\/centrodepsicologiadaimon.com\/index.php\/wp-json\/wp\/v2\/pages\/800\/revisions\/1371"}],"wp:attachment":[{"href":"https:\/\/centrodepsicologiadaimon.com\/index.php\/wp-json\/wp\/v2\/media?parent=800"}],"curies":[{"name":"wp","href":"https:\/\/api.w.org\/{rel}","templated":true}]}}