{"id":586,"date":"2023-10-16T17:59:39","date_gmt":"2023-10-16T15:59:39","guid":{"rendered":"https:\/\/centrodepsicologiadaimon.com\/?page_id=586"},"modified":"2024-02-14T17:20:44","modified_gmt":"2024-02-14T16:20:44","slug":"talleres","status":"publish","type":"page","link":"https:\/\/centrodepsicologiadaimon.com\/index.php\/talleres\/","title":{"rendered":"Talleres"},"content":{"rendered":"\t\t<div data-elementor-type=\"wp-page\" data-elementor-id=\"586\" class=\"elementor elementor-586\">\n\t\t\t\t\t\t\t<div class=\"elementor-element elementor-element-3a4a074 e-flex e-con-boxed e-con e-parent\" data-id=\"3a4a074\" data-element_type=\"container\" data-settings=\"{&quot;content_width&quot;:&quot;boxed&quot;}\" data-core-v316-plus=\"true\">\n\t\t\t\t\t<div class=\"e-con-inner\">\n\t\t\t\t<div class=\"elementor-element elementor-element-ddff11a elementor-widget elementor-widget-image\" data-id=\"ddff11a\" data-element_type=\"widget\" data-widget_type=\"image.default\">\n\t\t\t\t<div class=\"elementor-widget-container\">\n\t\t\t<style>\/*! elementor - v3.16.0 - 20-09-2023 *\/\n.elementor-widget-image{text-align:center}.elementor-widget-image a{display:inline-block}.elementor-widget-image a img[src$=\".svg\"]{width:48px}.elementor-widget-image img{vertical-align:middle;display:inline-block}<\/style>\t\t\t\t\t\t\t\t\t\t\t\t<img decoding=\"async\" loading=\"lazy\" width=\"950\" height=\"533\" src=\"https:\/\/centrodepsicologiadaimon.com\/wp-content\/uploads\/2024\/02\/4fd5d1c4-3102-49b1-9a23-ead4f0b4f4b7-1024x575.jpg\" class=\"attachment-large size-large wp-image-1666\" alt=\"\" srcset=\"https:\/\/centrodepsicologiadaimon.com\/wp-content\/uploads\/2024\/02\/4fd5d1c4-3102-49b1-9a23-ead4f0b4f4b7-1024x575.jpg 1024w, https:\/\/centrodepsicologiadaimon.com\/wp-content\/uploads\/2024\/02\/4fd5d1c4-3102-49b1-9a23-ead4f0b4f4b7-300x168.jpg 300w, https:\/\/centrodepsicologiadaimon.com\/wp-content\/uploads\/2024\/02\/4fd5d1c4-3102-49b1-9a23-ead4f0b4f4b7-768x431.jpg 768w, https:\/\/centrodepsicologiadaimon.com\/wp-content\/uploads\/2024\/02\/4fd5d1c4-3102-49b1-9a23-ead4f0b4f4b7-600x337.jpg 600w, https:\/\/centrodepsicologiadaimon.com\/wp-content\/uploads\/2024\/02\/4fd5d1c4-3102-49b1-9a23-ead4f0b4f4b7.jpg 1080w\" sizes=\"100vw\" \/>\t\t\t\t\t\t\t\t\t\t\t\t\t\t\t<\/div>\n\t\t\t\t<\/div>\n\t\t\t\t\t<\/div>\n\t\t\t\t<\/div>\n\t\t<div class=\"elementor-element elementor-element-3541977 e-flex e-con-boxed e-con e-parent\" data-id=\"3541977\" data-element_type=\"container\" data-settings=\"{&quot;content_width&quot;:&quot;boxed&quot;}\" data-core-v316-plus=\"true\">\n\t\t\t\t\t<div class=\"e-con-inner\">\n\t\t\t\t<div class=\"elementor-element elementor-element-87621df elementor-widget elementor-widget-heading\" data-id=\"87621df\" data-element_type=\"widget\" data-widget_type=\"heading.default\">\n\t\t\t\t<div class=\"elementor-widget-container\">\n\t\t\t<style>\/*! elementor - v3.16.0 - 20-09-2023 *\/\n.elementor-heading-title{padding:0;margin:0;line-height:1}.elementor-widget-heading .elementor-heading-title[class*=elementor-size-]>a{color:inherit;font-size:inherit;line-height:inherit}.elementor-widget-heading .elementor-heading-title.elementor-size-small{font-size:15px}.elementor-widget-heading .elementor-heading-title.elementor-size-medium{font-size:19px}.elementor-widget-heading .elementor-heading-title.elementor-size-large{font-size:29px}.elementor-widget-heading .elementor-heading-title.elementor-size-xl{font-size:39px}.elementor-widget-heading .elementor-heading-title.elementor-size-xxl{font-size:59px}<\/style><h2 class=\"elementor-heading-title elementor-size-xl\">Anteriores Talleres<\/h2>\t\t<\/div>\n\t\t\t\t<\/div>\n\t\t\t\t\t<\/div>\n\t\t\t\t<\/div>\n\t\t<div class=\"elementor-element elementor-element-61e6413 e-con-full e-flex e-con e-parent\" data-id=\"61e6413\" data-element_type=\"container\" data-settings=\"{&quot;content_width&quot;:&quot;full&quot;}\" data-core-v316-plus=\"true\">\n\t\t\t\t<div class=\"elementor-element elementor-element-3e5603f elementor-widget elementor-widget-html\" data-id=\"3e5603f\" data-element_type=\"widget\" data-widget_type=\"html.default\">\n\t\t\t\t<div class=\"elementor-widget-container\">\n\t\t\t<!DOCTYPE html>\n<html lang=\"en\">\n<head>\n    <meta charset=\"UTF-8\">\n    <meta name=\"viewport\" content=\"width=device-width, initial-scale=1.0\">\n    <title>Taller Baby Sign<\/title>\n    <style>\n        \/* Estilos para el contenedor *\/\n        .container {\n            text-align: center;\n        }\n\n        \/* Estilos para la imagen *\/\n        .image {\n            max-width: 10%; \/* Ajusta el porcentaje seg\u00fan el tama\u00f1o deseado *\/\n            height: auto;\n        }\n\n        \/* Estilos para el bot\u00f3n *\/\n        .button {\n            border: 2px solid #FBBDA4;\n            background-color: #E8F2E8;\n            color: #000;\n            padding: 10px 20px;\n            text-align: center;\n            text-decoration: none;\n            display: inline-block;\n            font-size: 16px;\n            border-radius: 5px;\n            margin: 10px;\n        }\n    <\/style>\n<\/head>\n<body>\n    <div class=\"container\">\n        <img decoding=\"async\" class=\"image\" src=\"https:\/\/centrodepsicologiadaimon.com\/wp-content\/uploads\/2023\/11\/WhatsApp-Image-2023-11-13-at-16.25.34.jpeg\" alt=\"Baby Sign Image\" title=\"\u2049\ufe0fSabes cu\u00e1les son los beneficios del masaje infantil\u2049\ufe0f\n\n\u2705 Fortalecimiento del v\u00ednculo: El masaje promueve una conexi\u00f3n emocional entre el beb\u00e9 y los padres o cuidadores, fortaleciendo el apego y la confianza.\n\n\u2705 Alivio del malestar: Puede ayudar a aliviar molestias comunes en los beb\u00e9s, como c\u00f3licos, gases y estre\u00f1imiento.\n\n\u2705 Mejora del sue\u00f1o: Los masajes suaves antes de dormir pueden ayudar a los beb\u00e9s a relajarse y conciliar el sue\u00f1o m\u00e1s f\u00e1cilmente.\n\n\u2705 Estimulaci\u00f3n sensorial: Los masajes pueden ayudar a desarrollar el sistema nervioso del beb\u00e9 y promover la conciencia corporal.\n\n\u2705 Fomento del desarrollo motor: Ayuda a fortalecer los m\u00fasculos y articulaciones del beb\u00e9, lo que puede contribuir al desarrollo f\u00edsico.\n\n\u2705 Alivio del estr\u00e9s: El masaje puede ayudar a reducir el estr\u00e9s en beb\u00e9s y padres, promoviendo un ambiente tranquilo y relajado.\n\nEs importante recordar que los masajes para beb\u00e9s deben realizarse con suavidad y cuidado, siguiendo pautas de seguridad y prestando atenci\u00f3n a las se\u00f1ales del beb\u00e9 \ud83d\udc76\ud83c\udffb \n\n\ud83d\udccdEn el centro Daimon tenemos un curso espec\u00edfico para experimentar los beneficios.\n\n\ud83d\udcc6 LUNES 20 NOVIEMBRE 17:30 h a 19 h. (90 min) \n\n\ud83d\udcb0 Precio: 30\u20ac beb\u00e9 \ud83d\udc76\ud83c\udffb \">\n        <a class=\"button\" href=\"https:\/\/docs.google.com\/forms\/d\/1Sm6Tf0S6FmW9zvZxAH4NRkicG62aeQIlL8COGWv07CY\/edit\">Inscribirse<\/a>\n    <\/div>\n<\/body>\n<\/html>\n\t\t<\/div>\n\t\t\t\t<\/div>\n\t\t\t\t<\/div>\n\t\t<div class=\"elementor-element elementor-element-428e4f0 e-flex e-con-boxed e-con e-parent\" data-id=\"428e4f0\" data-element_type=\"container\" data-settings=\"{&quot;content_width&quot;:&quot;boxed&quot;}\" data-core-v316-plus=\"true\">\n\t\t\t\t\t<div class=\"e-con-inner\">\n\t\t\t\t<div class=\"elementor-element elementor-element-02a3b5a elementor-widget elementor-widget-image\" data-id=\"02a3b5a\" data-element_type=\"widget\" data-widget_type=\"image.default\">\n\t\t\t\t<div class=\"elementor-widget-container\">\n\t\t\t\t\t\t\t\t\t\t\t\t\t\t\t<img decoding=\"async\" src=\"https:\/\/centrodepsicologiadaimon.com\/wp-content\/uploads\/elementor\/thumbs\/Diseno-sin-titulo-7-e1699905836143-qfbdmoc22ifkex4qdoefodrav682tqzltf2b4e3nqs.png\" title=\"Dise\u00f1o sin t\u00edtulo-7\" alt=\"Dise\u00f1o sin t\u00edtulo-7\" loading=\"lazy\" \/>\t\t\t\t\t\t\t\t\t\t\t\t\t\t\t<\/div>\n\t\t\t\t<\/div>\n\t\t\t\t\t<\/div>\n\t\t\t\t<\/div>\n\t\t<div class=\"elementor-element elementor-element-d0e8afb e-flex e-con-boxed e-con e-parent\" data-id=\"d0e8afb\" data-element_type=\"container\" data-settings=\"{&quot;content_width&quot;:&quot;boxed&quot;}\" data-core-v316-plus=\"true\">\n\t\t\t\t\t<div class=\"e-con-inner\">\n\t\t\t\t<div class=\"elementor-element elementor-element-41158e7 elementor-widget elementor-widget-spacer\" data-id=\"41158e7\" data-element_type=\"widget\" data-widget_type=\"spacer.default\">\n\t\t\t\t<div class=\"elementor-widget-container\">\n\t\t\t<style>\/*! elementor - v3.16.0 - 20-09-2023 *\/\n.elementor-column .elementor-spacer-inner{height:var(--spacer-size)}.e-con{--container-widget-width:100%}.e-con-inner>.elementor-widget-spacer,.e-con>.elementor-widget-spacer{width:var(--container-widget-width,var(--spacer-size));--align-self:var(--container-widget-align-self,initial);--flex-shrink:0}.e-con-inner>.elementor-widget-spacer>.elementor-widget-container,.e-con>.elementor-widget-spacer>.elementor-widget-container{height:100%;width:100%}.e-con-inner>.elementor-widget-spacer>.elementor-widget-container>.elementor-spacer,.e-con>.elementor-widget-spacer>.elementor-widget-container>.elementor-spacer{height:100%}.e-con-inner>.elementor-widget-spacer>.elementor-widget-container>.elementor-spacer>.elementor-spacer-inner,.e-con>.elementor-widget-spacer>.elementor-widget-container>.elementor-spacer>.elementor-spacer-inner{height:var(--container-widget-height,var(--spacer-size))}.e-con-inner>.elementor-widget-spacer.elementor-widget-empty,.e-con>.elementor-widget-spacer.elementor-widget-empty{position:relative;min-height:22px;min-width:22px}.e-con-inner>.elementor-widget-spacer.elementor-widget-empty .elementor-widget-empty-icon,.e-con>.elementor-widget-spacer.elementor-widget-empty .elementor-widget-empty-icon{position:absolute;top:0;bottom:0;left:0;right:0;margin:auto;padding:0;width:22px;height:22px}<\/style>\t\t<div class=\"elementor-spacer\">\n\t\t\t<div class=\"elementor-spacer-inner\"><\/div>\n\t\t<\/div>\n\t\t\t\t<\/div>\n\t\t\t\t<\/div>\n\t\t\t\t\t<\/div>\n\t\t\t\t<\/div>\n\t\t<div class=\"elementor-element elementor-element-d8e9c5f e-con-full e-flex e-con e-parent\" data-id=\"d8e9c5f\" data-element_type=\"container\" data-settings=\"{&quot;content_width&quot;:&quot;full&quot;}\" data-core-v316-plus=\"true\">\n\t\t\t\t<div class=\"elementor-element elementor-element-219d80e elementor-widget elementor-widget-html\" data-id=\"219d80e\" data-element_type=\"widget\" data-widget_type=\"html.default\">\n\t\t\t\t<div class=\"elementor-widget-container\">\n\t\t\t<!DOCTYPE html>\n<html>\n<head>\n    <title>Taller Baby Sign<\/title>\n    <style>\n        \/* Estilos para el contenedor *\/\n        .container {\n            text-align: center;\n        }\n\n        \/* Estilos para la imagen *\/\n        .image {\n            max-width: 20%; \/* Ajusta el porcentaje seg\u00fan el tama\u00f1o deseado *\/\n            height: auto;\n        }\n\n        \/* Estilos para el bot\u00f3n *\/\n        .button {\n            border: 2px solid #FBBDA4;\n            background-color: #E8F2E8;\n            color: #000;\n            padding: 10px 20px;\n            text-align: center;\n            text-decoration: none;\n            display: inline-block;\n            font-size: 16px;\n            border-radius: 5px;\n            margin: 10px;\n        }\n    <\/style>\n<\/head>\n<body>\n    <div class=\"container\">\n        <img decoding=\"async\" class=\"image\" src=\"https:\/\/centrodepsicologiadaimon.com\/wp-content\/uploads\/2023\/10\/WhatsApp-Image-2023-10-11-at-09.55.47.jpeg\" alt=\"Baby Sign Image\">\n        <a class=\"button\" href=\"https:\/\/forms.gle\/KdsFrr2df959UWuS6\">Inscribirse<\/a>\n    <\/div>\n<\/body>\n<\/html>\n\t\t<\/div>\n\t\t\t\t<\/div>\n\t\t\t\t<\/div>\n\t\t<div class=\"elementor-element elementor-element-ed0b256 e-flex e-con-boxed e-con e-parent\" data-id=\"ed0b256\" data-element_type=\"container\" data-settings=\"{&quot;content_width&quot;:&quot;boxed&quot;}\" data-core-v316-plus=\"true\">\n\t\t\t\t\t<div class=\"e-con-inner\">\n\t\t\t\t<div class=\"elementor-element elementor-element-b8ee1d5 elementor-widget elementor-widget-image\" data-id=\"b8ee1d5\" data-element_type=\"widget\" data-widget_type=\"image.default\">\n\t\t\t\t<div class=\"elementor-widget-container\">\n\t\t\t\t\t\t\t\t\t\t\t\t\t\t\t<img decoding=\"async\" src=\"https:\/\/centrodepsicologiadaimon.com\/wp-content\/uploads\/elementor\/thumbs\/Diseno-sin-titulo-7-e1699905836143-qfbdmoc22ifkex4qdoefodrav682tqzltf2b4e3nqs.png\" title=\"Dise\u00f1o sin t\u00edtulo-7\" alt=\"Dise\u00f1o sin t\u00edtulo-7\" loading=\"lazy\" \/>\t\t\t\t\t\t\t\t\t\t\t\t\t\t\t<\/div>\n\t\t\t\t<\/div>\n\t\t\t\t\t<\/div>\n\t\t\t\t<\/div>\n\t\t<div class=\"elementor-element elementor-element-c8c0062 e-flex e-con-boxed e-con e-parent\" data-id=\"c8c0062\" data-element_type=\"container\" data-settings=\"{&quot;content_width&quot;:&quot;boxed&quot;}\" data-core-v316-plus=\"true\">\n\t\t\t\t\t<div class=\"e-con-inner\">\n\t\t\t\t<div class=\"elementor-element elementor-element-ad9971c elementor-widget elementor-widget-spacer\" data-id=\"ad9971c\" data-element_type=\"widget\" data-widget_type=\"spacer.default\">\n\t\t\t\t<div class=\"elementor-widget-container\">\n\t\t\t\t\t<div class=\"elementor-spacer\">\n\t\t\t<div class=\"elementor-spacer-inner\"><\/div>\n\t\t<\/div>\n\t\t\t\t<\/div>\n\t\t\t\t<\/div>\n\t\t\t\t\t<\/div>\n\t\t\t\t<\/div>\n\t\t<div class=\"elementor-element elementor-element-0f3d277 e-flex e-con-boxed e-con e-parent\" data-id=\"0f3d277\" data-element_type=\"container\" data-settings=\"{&quot;content_width&quot;:&quot;boxed&quot;}\" data-core-v316-plus=\"true\">\n\t\t\t\t\t<div class=\"e-con-inner\">\n\t\t\t\t<div class=\"elementor-element elementor-element-d08ee88 elementor-widget elementor-widget-image\" data-id=\"d08ee88\" data-element_type=\"widget\" data-widget_type=\"image.default\">\n\t\t\t\t<div class=\"elementor-widget-container\">\n\t\t\t\t\t\t\t\t\t\t\t\t\t\t\t<img decoding=\"async\" loading=\"lazy\" width=\"819\" height=\"1024\" src=\"https:\/\/centrodepsicologiadaimon.com\/wp-content\/uploads\/2023\/11\/WhatsApp-Image-2023-11-02-at-10.59.29-819x1024.jpeg\" class=\"attachment-large size-large wp-image-835\" alt=\"\" srcset=\"https:\/\/centrodepsicologiadaimon.com\/wp-content\/uploads\/2023\/11\/WhatsApp-Image-2023-11-02-at-10.59.29-819x1024.jpeg 819w, https:\/\/centrodepsicologiadaimon.com\/wp-content\/uploads\/2023\/11\/WhatsApp-Image-2023-11-02-at-10.59.29-240x300.jpeg 240w, https:\/\/centrodepsicologiadaimon.com\/wp-content\/uploads\/2023\/11\/WhatsApp-Image-2023-11-02-at-10.59.29-768x960.jpeg 768w, https:\/\/centrodepsicologiadaimon.com\/wp-content\/uploads\/2023\/11\/WhatsApp-Image-2023-11-02-at-10.59.29-600x750.jpeg 600w, https:\/\/centrodepsicologiadaimon.com\/wp-content\/uploads\/2023\/11\/WhatsApp-Image-2023-11-02-at-10.59.29.jpeg 1080w\" sizes=\"100vw\" \/>\t\t\t\t\t\t\t\t\t\t\t\t\t\t\t<\/div>\n\t\t\t\t<\/div>\n\t\t\t\t\t<\/div>\n\t\t\t\t<\/div>\n\t\t<div class=\"elementor-element elementor-element-3d9f7b9 e-flex e-con-boxed e-con e-parent\" data-id=\"3d9f7b9\" data-element_type=\"container\" data-settings=\"{&quot;content_width&quot;:&quot;boxed&quot;}\" data-core-v316-plus=\"true\">\n\t\t\t\t\t<div class=\"e-con-inner\">\n\t\t\t\t<div class=\"elementor-element elementor-element-87e4c20 elementor-widget elementor-widget-spacer\" data-id=\"87e4c20\" data-element_type=\"widget\" data-widget_type=\"spacer.default\">\n\t\t\t\t<div class=\"elementor-widget-container\">\n\t\t\t\t\t<div class=\"elementor-spacer\">\n\t\t\t<div class=\"elementor-spacer-inner\"><\/div>\n\t\t<\/div>\n\t\t\t\t<\/div>\n\t\t\t\t<\/div>\n\t\t\t\t\t<\/div>\n\t\t\t\t<\/div>\n\t\t\t\t\t\t\t<\/div>\n\t\t","protected":false},"excerpt":{"rendered":"<p>Anteriores Talleres Taller Baby Sign Inscribirse Taller Baby Sign Inscribirse<\/p>\n","protected":false},"author":1,"featured_media":0,"parent":0,"menu_order":0,"comment_status":"closed","ping_status":"closed","template":"","meta":{"_monsterinsights_skip_tracking":false,"_monsterinsights_sitenote_active":false,"_monsterinsights_sitenote_note":"","_monsterinsights_sitenote_category":0,"footnotes":""},"aioseo_notices":[],"_links":{"self":[{"href":"https:\/\/centrodepsicologiadaimon.com\/index.php\/wp-json\/wp\/v2\/pages\/586"}],"collection":[{"href":"https:\/\/centrodepsicologiadaimon.com\/index.php\/wp-json\/wp\/v2\/pages"}],"about":[{"href":"https:\/\/centrodepsicologiadaimon.com\/index.php\/wp-json\/wp\/v2\/types\/page"}],"author":[{"embeddable":true,"href":"https:\/\/centrodepsicologiadaimon.com\/index.php\/wp-json\/wp\/v2\/users\/1"}],"replies":[{"embeddable":true,"href":"https:\/\/centrodepsicologiadaimon.com\/index.php\/wp-json\/wp\/v2\/comments?post=586"}],"version-history":[{"count":91,"href":"https:\/\/centrodepsicologiadaimon.com\/index.php\/wp-json\/wp\/v2\/pages\/586\/revisions"}],"predecessor-version":[{"id":1670,"href":"https:\/\/centrodepsicologiadaimon.com\/index.php\/wp-json\/wp\/v2\/pages\/586\/revisions\/1670"}],"wp:attachment":[{"href":"https:\/\/centrodepsicologiadaimon.com\/index.php\/wp-json\/wp\/v2\/media?parent=586"}],"curies":[{"name":"wp","href":"https:\/\/api.w.org\/{rel}","templated":true}]}}