{"id":26,"date":"2023-09-26T10:39:40","date_gmt":"2023-09-26T08:39:40","guid":{"rendered":"https:\/\/centrodepsicologiadaimon.com\/?page_id=26"},"modified":"2023-12-11T16:40:26","modified_gmt":"2023-12-11T15:40:26","slug":"blog","status":"publish","type":"page","link":"https:\/\/centrodepsicologiadaimon.com\/index.php\/blog\/","title":{"rendered":"Blog"},"content":{"rendered":"\t\t<div data-elementor-type=\"wp-page\" data-elementor-id=\"26\" class=\"elementor elementor-26\">\n\t\t\t\t\t\t\t<div class=\"elementor-element elementor-element-b0ab6fb e-flex e-con-boxed e-con e-parent\" data-id=\"b0ab6fb\" data-element_type=\"container\" data-settings=\"{&quot;content_width&quot;:&quot;boxed&quot;}\" data-core-v316-plus=\"true\">\n\t\t\t\t\t<div class=\"e-con-inner\">\n\t\t\t\t<div class=\"elementor-element elementor-element-5f07749 elementor-widget elementor-widget-heading\" data-id=\"5f07749\" data-element_type=\"widget\" data-widget_type=\"heading.default\">\n\t\t\t\t<div class=\"elementor-widget-container\">\n\t\t\t<style>\/*! elementor - v3.16.0 - 20-09-2023 *\/\n.elementor-heading-title{padding:0;margin:0;line-height:1}.elementor-widget-heading .elementor-heading-title[class*=elementor-size-]>a{color:inherit;font-size:inherit;line-height:inherit}.elementor-widget-heading .elementor-heading-title.elementor-size-small{font-size:15px}.elementor-widget-heading .elementor-heading-title.elementor-size-medium{font-size:19px}.elementor-widget-heading .elementor-heading-title.elementor-size-large{font-size:29px}.elementor-widget-heading .elementor-heading-title.elementor-size-xl{font-size:39px}.elementor-widget-heading .elementor-heading-title.elementor-size-xxl{font-size:59px}<\/style><h2 class=\"elementor-heading-title elementor-size-xl\">Blog<\/h2>\t\t<\/div>\n\t\t\t\t<\/div>\n\t\t\t\t\t<\/div>\n\t\t\t\t<\/div>\n\t\t<div class=\"elementor-element elementor-element-149e3db e-flex e-con-boxed e-con e-parent\" data-id=\"149e3db\" data-element_type=\"container\" data-settings=\"{&quot;content_width&quot;:&quot;boxed&quot;}\" data-core-v316-plus=\"true\">\n\t\t\t\t\t<div class=\"e-con-inner\">\n\t\t\t\t<div class=\"elementor-element elementor-element-36175d2 elementor-widget elementor-widget-html\" data-id=\"36175d2\" data-element_type=\"widget\" data-widget_type=\"html.default\">\n\t\t\t\t<div class=\"elementor-widget-container\">\n\t\t\t<!DOCTYPE html>\n<html>\n<head>\n    <title>Mis Im\u00e1genes<\/title>\n    <style>\n        body {\n            text-align: center;\n        }\n        .image-row {\n            display: flex;\n            justify-content: center;\n            align-items: center;\n        }\n        .image-row a {\n            text-align: center;\n            color: #B6BFB0;\n            text-decoration: none;\n            margin: 10px;\n        }\n        .image-row a img {\n            border-radius: 15px; \/* Cambia el radio para hacer las esquinas redondas *\/\n            width: 250px; \/* Ancho fijo para todas las im\u00e1genes *\/\n            height: 250px; \/* Altura fija para todas las im\u00e1genes *\/\n        }\n        .image-title {\n            font-weight: bold;\n        }\n    <\/style>\n<\/head>\n<body>\n    <div class=\"image-row\">\n        <a href=\"https:\/\/centrodepsicologiadaimon.com\/index.php\/blog-1\/\" target=\"_blank\">\n            <img decoding=\"async\" src=\"https:\/\/centrodepsicologiadaimon.com\/wp-content\/uploads\/2023\/10\/Imagen-1.jpg\" alt=\"Acercando el duelo perinatal: caracter\u00edsticas y efectos psicol\u00f3gicos tras la p\u00e9rdida\">\n            <p class=\"image-title\">Acercando el duelo perinatal<\/p>\n        <\/a>\n        <a href=\"https:\/\/centrodepsicologiadaimon.com\/index.php\/blog-2\/\" target=\"_blank\">\n            <img decoding=\"async\" src=\"https:\/\/centrodepsicologiadaimon.com\/wp-content\/uploads\/2023\/10\/Imagen-2.jpg\" alt=\"Autoestima\">\n            <p class=\"image-title\">Autoestima<\/p>\n        <\/a>\n        <a href=\"https:\/\/centrodepsicologiadaimon.com\/index.php\/blog-3\/\" target=\"_blank\">\n            <img decoding=\"async\" src=\"https:\/\/centrodepsicologiadaimon.com\/wp-content\/uploads\/2023\/10\/Imagen-3.jpg\" alt=\"Maternidad y culpabilidad\">\n            <p class=\"image-title\">Maternidad y culpabilidad<\/p>\n        <\/a>\n    <\/div>\n<\/body>\n<\/html>\t\t<\/div>\n\t\t\t\t<\/div>\n\t\t\t\t\t<\/div>\n\t\t\t\t<\/div>\n\t\t<div class=\"elementor-element elementor-element-42248bd e-flex e-con-boxed e-con e-parent\" data-id=\"42248bd\" data-element_type=\"container\" data-settings=\"{&quot;content_width&quot;:&quot;boxed&quot;}\" data-core-v316-plus=\"true\">\n\t\t\t\t\t<div class=\"e-con-inner\">\n\t\t\t\t<div class=\"elementor-element elementor-element-25ff39f elementor-widget elementor-widget-spacer\" data-id=\"25ff39f\" data-element_type=\"widget\" data-widget_type=\"spacer.default\">\n\t\t\t\t<div class=\"elementor-widget-container\">\n\t\t\t<style>\/*! elementor - v3.16.0 - 20-09-2023 *\/\n.elementor-column .elementor-spacer-inner{height:var(--spacer-size)}.e-con{--container-widget-width:100%}.e-con-inner>.elementor-widget-spacer,.e-con>.elementor-widget-spacer{width:var(--container-widget-width,var(--spacer-size));--align-self:var(--container-widget-align-self,initial);--flex-shrink:0}.e-con-inner>.elementor-widget-spacer>.elementor-widget-container,.e-con>.elementor-widget-spacer>.elementor-widget-container{height:100%;width:100%}.e-con-inner>.elementor-widget-spacer>.elementor-widget-container>.elementor-spacer,.e-con>.elementor-widget-spacer>.elementor-widget-container>.elementor-spacer{height:100%}.e-con-inner>.elementor-widget-spacer>.elementor-widget-container>.elementor-spacer>.elementor-spacer-inner,.e-con>.elementor-widget-spacer>.elementor-widget-container>.elementor-spacer>.elementor-spacer-inner{height:var(--container-widget-height,var(--spacer-size))}.e-con-inner>.elementor-widget-spacer.elementor-widget-empty,.e-con>.elementor-widget-spacer.elementor-widget-empty{position:relative;min-height:22px;min-width:22px}.e-con-inner>.elementor-widget-spacer.elementor-widget-empty .elementor-widget-empty-icon,.e-con>.elementor-widget-spacer.elementor-widget-empty .elementor-widget-empty-icon{position:absolute;top:0;bottom:0;left:0;right:0;margin:auto;padding:0;width:22px;height:22px}<\/style>\t\t<div class=\"elementor-spacer\">\n\t\t\t<div class=\"elementor-spacer-inner\"><\/div>\n\t\t<\/div>\n\t\t\t\t<\/div>\n\t\t\t\t<\/div>\n\t\t\t\t\t<\/div>\n\t\t\t\t<\/div>\n\t\t\t\t\t\t\t<\/div>\n\t\t","protected":false},"excerpt":{"rendered":"<p>Blog Mis Im\u00e1genes Acercando el duelo perinatal Autoestima Maternidad y culpabilidad<\/p>\n","protected":false},"author":1,"featured_media":0,"parent":0,"menu_order":0,"comment_status":"closed","ping_status":"closed","template":"","meta":{"_monsterinsights_skip_tracking":false,"_monsterinsights_sitenote_active":false,"_monsterinsights_sitenote_note":"","_monsterinsights_sitenote_category":0,"footnotes":""},"aioseo_notices":[],"_links":{"self":[{"href":"https:\/\/centrodepsicologiadaimon.com\/index.php\/wp-json\/wp\/v2\/pages\/26"}],"collection":[{"href":"https:\/\/centrodepsicologiadaimon.com\/index.php\/wp-json\/wp\/v2\/pages"}],"about":[{"href":"https:\/\/centrodepsicologiadaimon.com\/index.php\/wp-json\/wp\/v2\/types\/page"}],"author":[{"embeddable":true,"href":"https:\/\/centrodepsicologiadaimon.com\/index.php\/wp-json\/wp\/v2\/users\/1"}],"replies":[{"embeddable":true,"href":"https:\/\/centrodepsicologiadaimon.com\/index.php\/wp-json\/wp\/v2\/comments?post=26"}],"version-history":[{"count":17,"href":"https:\/\/centrodepsicologiadaimon.com\/index.php\/wp-json\/wp\/v2\/pages\/26\/revisions"}],"predecessor-version":[{"id":1294,"href":"https:\/\/centrodepsicologiadaimon.com\/index.php\/wp-json\/wp\/v2\/pages\/26\/revisions\/1294"}],"wp:attachment":[{"href":"https:\/\/centrodepsicologiadaimon.com\/index.php\/wp-json\/wp\/v2\/media?parent=26"}],"curies":[{"name":"wp","href":"https:\/\/api.w.org\/{rel}","templated":true}]}}