{"id":209,"date":"2023-09-26T15:56:06","date_gmt":"2023-09-26T13:56:06","guid":{"rendered":"https:\/\/centrodepsicologiadaimon.com\/?page_id=209"},"modified":"2024-03-08T20:25:21","modified_gmt":"2024-03-08T19:25:21","slug":"terapia-adolescentes","status":"publish","type":"page","link":"https:\/\/centrodepsicologiadaimon.com\/index.php\/terapia-adolescentes\/","title":{"rendered":"Terapia adolescentes"},"content":{"rendered":"\t\t<div data-elementor-type=\"wp-page\" data-elementor-id=\"209\" class=\"elementor elementor-209\">\n\t\t\t\t\t\t\t<div class=\"elementor-element elementor-element-5fa1648 e-flex e-con-boxed e-con e-parent\" data-id=\"5fa1648\" data-element_type=\"container\" data-settings=\"{&quot;content_width&quot;:&quot;boxed&quot;}\" data-core-v316-plus=\"true\">\n\t\t\t\t\t<div class=\"e-con-inner\">\n\t\t\t\t<div class=\"elementor-element elementor-element-3df4827 elementor-widget elementor-widget-heading\" data-id=\"3df4827\" data-element_type=\"widget\" data-widget_type=\"heading.default\">\n\t\t\t\t<div class=\"elementor-widget-container\">\n\t\t\t<style>\/*! elementor - v3.16.0 - 20-09-2023 *\/\n.elementor-heading-title{padding:0;margin:0;line-height:1}.elementor-widget-heading .elementor-heading-title[class*=elementor-size-]>a{color:inherit;font-size:inherit;line-height:inherit}.elementor-widget-heading .elementor-heading-title.elementor-size-small{font-size:15px}.elementor-widget-heading .elementor-heading-title.elementor-size-medium{font-size:19px}.elementor-widget-heading .elementor-heading-title.elementor-size-large{font-size:29px}.elementor-widget-heading .elementor-heading-title.elementor-size-xl{font-size:39px}.elementor-widget-heading .elementor-heading-title.elementor-size-xxl{font-size:59px}<\/style><h2 class=\"elementor-heading-title elementor-size-xl\">Terapia adolescentes en Valdemoro<\/h2>\t\t<\/div>\n\t\t\t\t<\/div>\n\t\t\t\t\t<\/div>\n\t\t\t\t<\/div>\n\t\t<div class=\"elementor-element elementor-element-124cf41 e-con-full e-flex e-con e-parent\" data-id=\"124cf41\" data-element_type=\"container\" data-settings=\"{&quot;content_width&quot;:&quot;full&quot;}\" data-core-v316-plus=\"true\">\n\t\t<div class=\"elementor-element elementor-element-897310b e-con-full elementor-hidden-mobile e-flex e-con e-child\" data-id=\"897310b\" data-element_type=\"container\" data-settings=\"{&quot;content_width&quot;:&quot;full&quot;}\">\n\t\t\t\t<div class=\"elementor-element elementor-element-a0a745e elementor-hidden-mobile elementor-widget elementor-widget-image\" data-id=\"a0a745e\" data-element_type=\"widget\" data-widget_type=\"image.default\">\n\t\t\t\t<div class=\"elementor-widget-container\">\n\t\t\t<style>\/*! elementor - v3.16.0 - 20-09-2023 *\/\n.elementor-widget-image{text-align:center}.elementor-widget-image a{display:inline-block}.elementor-widget-image a img[src$=\".svg\"]{width:48px}.elementor-widget-image img{vertical-align:middle;display:inline-block}<\/style>\t\t\t\t\t\t\t\t\t\t\t\t<img decoding=\"async\" loading=\"lazy\" width=\"828\" height=\"818\" src=\"https:\/\/centrodepsicologiadaimon.com\/wp-content\/uploads\/2023\/10\/WhatsApp-Image-2023-10-16-at-18.29.33.jpeg\" class=\"attachment-large size-large wp-image-602\" alt=\"\" srcset=\"https:\/\/centrodepsicologiadaimon.com\/wp-content\/uploads\/2023\/10\/WhatsApp-Image-2023-10-16-at-18.29.33.jpeg 828w, https:\/\/centrodepsicologiadaimon.com\/wp-content\/uploads\/2023\/10\/WhatsApp-Image-2023-10-16-at-18.29.33-300x296.jpeg 300w, https:\/\/centrodepsicologiadaimon.com\/wp-content\/uploads\/2023\/10\/WhatsApp-Image-2023-10-16-at-18.29.33-768x759.jpeg 768w, https:\/\/centrodepsicologiadaimon.com\/wp-content\/uploads\/2023\/10\/WhatsApp-Image-2023-10-16-at-18.29.33-600x593.jpeg 600w, https:\/\/centrodepsicologiadaimon.com\/wp-content\/uploads\/2023\/10\/WhatsApp-Image-2023-10-16-at-18.29.33-100x100.jpeg 100w\" sizes=\"100vw\" \/>\t\t\t\t\t\t\t\t\t\t\t\t\t\t\t<\/div>\n\t\t\t\t<\/div>\n\t\t\t\t<\/div>\n\t\t<div class=\"elementor-element elementor-element-41044a1 e-con-full elementor-hidden-mobile e-flex e-con e-child\" data-id=\"41044a1\" data-element_type=\"container\" data-settings=\"{&quot;content_width&quot;:&quot;full&quot;}\">\n\t\t\t\t<\/div>\n\t\t<div class=\"elementor-element elementor-element-0eeead5 e-con-full e-flex e-con e-child\" data-id=\"0eeead5\" data-element_type=\"container\" data-settings=\"{&quot;content_width&quot;:&quot;full&quot;}\">\n\t\t\t\t<div class=\"elementor-element elementor-element-5d2d8c7 elementor-widget elementor-widget-text-editor\" data-id=\"5d2d8c7\" data-element_type=\"widget\" data-widget_type=\"text-editor.default\">\n\t\t\t\t<div class=\"elementor-widget-container\">\n\t\t\t<style>\/*! elementor - v3.16.0 - 20-09-2023 *\/\n.elementor-widget-text-editor.elementor-drop-cap-view-stacked .elementor-drop-cap{background-color:#69727d;color:#fff}.elementor-widget-text-editor.elementor-drop-cap-view-framed .elementor-drop-cap{color:#69727d;border:3px solid;background-color:transparent}.elementor-widget-text-editor:not(.elementor-drop-cap-view-default) .elementor-drop-cap{margin-top:8px}.elementor-widget-text-editor:not(.elementor-drop-cap-view-default) .elementor-drop-cap-letter{width:1em;height:1em}.elementor-widget-text-editor .elementor-drop-cap{float:left;text-align:center;line-height:1;font-size:50px}.elementor-widget-text-editor .elementor-drop-cap-letter{display:inline-block}<\/style>\t\t\t\t<p>Y en un abrir y cerrar de ojos\u2026\u00a1ya est\u00e1 aqu\u00ed la adolescencia! Comienza el camino para pasar de ni\u00f1o a adulto, una monta\u00f1a rusa de emociones, cambios f\u00edsicos, psicol\u00f3gicos y sociales\u2026 \u00a1Menuda aventura!<\/p><p>Comienza a ser importante el mundo de las relaciones con amigos y amigas, poni\u00e9ndonos encima de la mesa retos muy distintos a los de la infancia, a ellos en primera persona y a los adultos como acompa\u00f1antes en este camino que compart\u00eds, su vida.<\/p><p>En ocasiones, suceden circunstancias familiares que impactan en su desarrollo natural y quiz\u00e1s consider\u00e1is como padre y\/o madre buscar un espacio donde se pueda valorar y abordar con vuestro hijo o hija.<\/p><p>Por ello, desde el Centro de Psicolog\u00eda Daimon acompa\u00f1amos a los adolescentes y sus familias d\u00e1ndoles sost\u00e9n y herramientas para transitar esta etapa de la mejor manera posible.\u00a0<\/p><p>Puedes contactar con nuestro equipo para resolver cualquier tipo de duda o reservar tu cita.<\/p>\t\t\t\t\t\t<\/div>\n\t\t\t\t<\/div>\n\t\t\t\t<\/div>\n\t\t\t\t<\/div>\n\t\t<div class=\"elementor-element elementor-element-88a838d elementor-hidden-desktop elementor-hidden-laptop elementor-hidden-tablet e-flex e-con-boxed e-con e-parent\" data-id=\"88a838d\" data-element_type=\"container\" data-settings=\"{&quot;content_width&quot;:&quot;boxed&quot;}\" data-core-v316-plus=\"true\">\n\t\t\t\t\t<div class=\"e-con-inner\">\n\t\t\t\t<div class=\"elementor-element elementor-element-1d1e95c elementor-widget elementor-widget-image\" data-id=\"1d1e95c\" data-element_type=\"widget\" data-widget_type=\"image.default\">\n\t\t\t\t<div class=\"elementor-widget-container\">\n\t\t\t\t\t\t\t\t\t\t\t\t\t\t\t<img decoding=\"async\" loading=\"lazy\" width=\"828\" height=\"818\" src=\"https:\/\/centrodepsicologiadaimon.com\/wp-content\/uploads\/2023\/10\/WhatsApp-Image-2023-10-16-at-18.29.33.jpeg\" class=\"attachment-large size-large wp-image-602\" alt=\"\" srcset=\"https:\/\/centrodepsicologiadaimon.com\/wp-content\/uploads\/2023\/10\/WhatsApp-Image-2023-10-16-at-18.29.33.jpeg 828w, https:\/\/centrodepsicologiadaimon.com\/wp-content\/uploads\/2023\/10\/WhatsApp-Image-2023-10-16-at-18.29.33-300x296.jpeg 300w, https:\/\/centrodepsicologiadaimon.com\/wp-content\/uploads\/2023\/10\/WhatsApp-Image-2023-10-16-at-18.29.33-768x759.jpeg 768w, https:\/\/centrodepsicologiadaimon.com\/wp-content\/uploads\/2023\/10\/WhatsApp-Image-2023-10-16-at-18.29.33-600x593.jpeg 600w, https:\/\/centrodepsicologiadaimon.com\/wp-content\/uploads\/2023\/10\/WhatsApp-Image-2023-10-16-at-18.29.33-100x100.jpeg 100w\" sizes=\"100vw\" \/>\t\t\t\t\t\t\t\t\t\t\t\t\t\t\t<\/div>\n\t\t\t\t<\/div>\n\t\t\t\t\t<\/div>\n\t\t\t\t<\/div>\n\t\t<div class=\"elementor-element elementor-element-f10a7c7 e-flex e-con-boxed e-con e-parent\" data-id=\"f10a7c7\" data-element_type=\"container\" data-settings=\"{&quot;content_width&quot;:&quot;boxed&quot;}\" data-core-v316-plus=\"true\">\n\t\t\t\t\t<div class=\"e-con-inner\">\n\t\t\t\t<div class=\"elementor-element elementor-element-a95b87b elementor-align-center elementor-widget elementor-widget-button\" data-id=\"a95b87b\" data-element_type=\"widget\" data-widget_type=\"button.default\">\n\t\t\t\t<div class=\"elementor-widget-container\">\n\t\t\t\t\t<div class=\"elementor-button-wrapper\">\n\t\t\t<a class=\"elementor-button elementor-button-link elementor-size-sm\" href=\"https:\/\/centrodepsicologiadaimon.com\/index.php\/reserva-tu-cita\/\">\n\t\t\t\t\t\t<span class=\"elementor-button-content-wrapper\">\n\t\t\t\t\t\t<span class=\"elementor-button-text\">Reserva tu cita<\/span>\n\t\t<\/span>\n\t\t\t\t\t<\/a>\n\t\t<\/div>\n\t\t\t\t<\/div>\n\t\t\t\t<\/div>\n\t\t\t\t\t<\/div>\n\t\t\t\t<\/div>\n\t\t<div class=\"elementor-element elementor-element-45044c1 e-flex e-con-boxed e-con e-parent\" data-id=\"45044c1\" data-element_type=\"container\" data-settings=\"{&quot;content_width&quot;:&quot;boxed&quot;}\" data-core-v316-plus=\"true\">\n\t\t\t\t\t<div class=\"e-con-inner\">\n\t\t\t\t<div class=\"elementor-element elementor-element-aaf9b95 elementor-widget elementor-widget-spacer\" data-id=\"aaf9b95\" data-element_type=\"widget\" data-widget_type=\"spacer.default\">\n\t\t\t\t<div class=\"elementor-widget-container\">\n\t\t\t<style>\/*! elementor - v3.16.0 - 20-09-2023 *\/\n.elementor-column .elementor-spacer-inner{height:var(--spacer-size)}.e-con{--container-widget-width:100%}.e-con-inner>.elementor-widget-spacer,.e-con>.elementor-widget-spacer{width:var(--container-widget-width,var(--spacer-size));--align-self:var(--container-widget-align-self,initial);--flex-shrink:0}.e-con-inner>.elementor-widget-spacer>.elementor-widget-container,.e-con>.elementor-widget-spacer>.elementor-widget-container{height:100%;width:100%}.e-con-inner>.elementor-widget-spacer>.elementor-widget-container>.elementor-spacer,.e-con>.elementor-widget-spacer>.elementor-widget-container>.elementor-spacer{height:100%}.e-con-inner>.elementor-widget-spacer>.elementor-widget-container>.elementor-spacer>.elementor-spacer-inner,.e-con>.elementor-widget-spacer>.elementor-widget-container>.elementor-spacer>.elementor-spacer-inner{height:var(--container-widget-height,var(--spacer-size))}.e-con-inner>.elementor-widget-spacer.elementor-widget-empty,.e-con>.elementor-widget-spacer.elementor-widget-empty{position:relative;min-height:22px;min-width:22px}.e-con-inner>.elementor-widget-spacer.elementor-widget-empty .elementor-widget-empty-icon,.e-con>.elementor-widget-spacer.elementor-widget-empty .elementor-widget-empty-icon{position:absolute;top:0;bottom:0;left:0;right:0;margin:auto;padding:0;width:22px;height:22px}<\/style>\t\t<div class=\"elementor-spacer\">\n\t\t\t<div class=\"elementor-spacer-inner\"><\/div>\n\t\t<\/div>\n\t\t\t\t<\/div>\n\t\t\t\t<\/div>\n\t\t\t\t\t<\/div>\n\t\t\t\t<\/div>\n\t\t\t\t\t\t\t<\/div>\n\t\t","protected":false},"excerpt":{"rendered":"<p>Terapia adolescentes en Valdemoro Y en un abrir y cerrar de ojos\u2026\u00a1ya est\u00e1 aqu\u00ed la adolescencia! Comienza el camino para pasar de ni\u00f1o a adulto, una monta\u00f1a rusa de emociones, cambios f\u00edsicos, psicol\u00f3gicos y sociales\u2026 \u00a1Menuda aventura! Comienza a ser importante el mundo de las relaciones con amigos y amigas, poni\u00e9ndonos encima de la mesa &hellip; <\/p>\n<p class=\"link-more\"><a href=\"https:\/\/centrodepsicologiadaimon.com\/index.php\/terapia-adolescentes\/\" class=\"more-link\">Leer m\u00e1s<span class=\"screen-reader-text\"> \u00abTerapia adolescentes\u00bb<\/span><\/a><\/p>\n","protected":false},"author":1,"featured_media":0,"parent":0,"menu_order":0,"comment_status":"closed","ping_status":"closed","template":"","meta":{"om_disable_all_campaigns":false,"_monsterinsights_skip_tracking":false,"_monsterinsights_sitenote_active":false,"_monsterinsights_sitenote_note":"","_monsterinsights_sitenote_category":0,"footnotes":""},"aioseo_notices":[],"_links":{"self":[{"href":"https:\/\/centrodepsicologiadaimon.com\/index.php\/wp-json\/wp\/v2\/pages\/209"}],"collection":[{"href":"https:\/\/centrodepsicologiadaimon.com\/index.php\/wp-json\/wp\/v2\/pages"}],"about":[{"href":"https:\/\/centrodepsicologiadaimon.com\/index.php\/wp-json\/wp\/v2\/types\/page"}],"author":[{"embeddable":true,"href":"https:\/\/centrodepsicologiadaimon.com\/index.php\/wp-json\/wp\/v2\/users\/1"}],"replies":[{"embeddable":true,"href":"https:\/\/centrodepsicologiadaimon.com\/index.php\/wp-json\/wp\/v2\/comments?post=209"}],"version-history":[{"count":56,"href":"https:\/\/centrodepsicologiadaimon.com\/index.php\/wp-json\/wp\/v2\/pages\/209\/revisions"}],"predecessor-version":[{"id":1736,"href":"https:\/\/centrodepsicologiadaimon.com\/index.php\/wp-json\/wp\/v2\/pages\/209\/revisions\/1736"}],"wp:attachment":[{"href":"https:\/\/centrodepsicologiadaimon.com\/index.php\/wp-json\/wp\/v2\/media?parent=209"}],"curies":[{"name":"wp","href":"https:\/\/api.w.org\/{rel}","templated":true}]}}