{"id":203,"date":"2023-09-26T15:54:45","date_gmt":"2023-09-26T13:54:45","guid":{"rendered":"https:\/\/centrodepsicologiadaimon.com\/?page_id=203"},"modified":"2024-03-08T20:22:57","modified_gmt":"2024-03-08T19:22:57","slug":"terapia-de-adultos","status":"publish","type":"page","link":"https:\/\/centrodepsicologiadaimon.com\/index.php\/terapia-de-adultos\/","title":{"rendered":"Terapia de adultos"},"content":{"rendered":"\t\t<div data-elementor-type=\"wp-page\" data-elementor-id=\"203\" class=\"elementor elementor-203\">\n\t\t\t\t\t\t\t<div class=\"elementor-element elementor-element-8cf8383 e-flex e-con-boxed e-con e-parent\" data-id=\"8cf8383\" data-element_type=\"container\" data-settings=\"{&quot;content_width&quot;:&quot;boxed&quot;}\" data-core-v316-plus=\"true\">\n\t\t\t\t\t<div class=\"e-con-inner\">\n\t\t\t\t<div class=\"elementor-element elementor-element-298e194 elementor-widget elementor-widget-heading\" data-id=\"298e194\" data-element_type=\"widget\" data-widget_type=\"heading.default\">\n\t\t\t\t<div class=\"elementor-widget-container\">\n\t\t\t<style>\/*! elementor - v3.16.0 - 20-09-2023 *\/\n.elementor-heading-title{padding:0;margin:0;line-height:1}.elementor-widget-heading .elementor-heading-title[class*=elementor-size-]>a{color:inherit;font-size:inherit;line-height:inherit}.elementor-widget-heading .elementor-heading-title.elementor-size-small{font-size:15px}.elementor-widget-heading .elementor-heading-title.elementor-size-medium{font-size:19px}.elementor-widget-heading .elementor-heading-title.elementor-size-large{font-size:29px}.elementor-widget-heading .elementor-heading-title.elementor-size-xl{font-size:39px}.elementor-widget-heading .elementor-heading-title.elementor-size-xxl{font-size:59px}<\/style><h2 class=\"elementor-heading-title elementor-size-xl\">Terapia de adultos en Valdemoro<\/h2>\t\t<\/div>\n\t\t\t\t<\/div>\n\t\t\t\t\t<\/div>\n\t\t\t\t<\/div>\n\t\t<div class=\"elementor-element elementor-element-cf560bb e-flex e-con-boxed e-con e-parent\" data-id=\"cf560bb\" data-element_type=\"container\" data-settings=\"{&quot;content_width&quot;:&quot;boxed&quot;}\" data-core-v316-plus=\"true\">\n\t\t\t\t\t<div class=\"e-con-inner\">\n\t\t<div class=\"elementor-element elementor-element-09108e6 e-con-full e-flex e-con e-child\" data-id=\"09108e6\" data-element_type=\"container\" data-settings=\"{&quot;content_width&quot;:&quot;full&quot;}\">\n\t\t\t\t<div class=\"elementor-element elementor-element-aaf09ca elementor-widget elementor-widget-text-editor\" data-id=\"aaf09ca\" data-element_type=\"widget\" data-widget_type=\"text-editor.default\">\n\t\t\t\t<div class=\"elementor-widget-container\">\n\t\t\t<style>\/*! elementor - v3.16.0 - 20-09-2023 *\/\n.elementor-widget-text-editor.elementor-drop-cap-view-stacked .elementor-drop-cap{background-color:#69727d;color:#fff}.elementor-widget-text-editor.elementor-drop-cap-view-framed .elementor-drop-cap{color:#69727d;border:3px solid;background-color:transparent}.elementor-widget-text-editor:not(.elementor-drop-cap-view-default) .elementor-drop-cap{margin-top:8px}.elementor-widget-text-editor:not(.elementor-drop-cap-view-default) .elementor-drop-cap-letter{width:1em;height:1em}.elementor-widget-text-editor .elementor-drop-cap{float:left;text-align:center;line-height:1;font-size:50px}.elementor-widget-text-editor .elementor-drop-cap-letter{display:inline-block}<\/style>\t\t\t\t<p>Si est\u00e1s leyendo esto es porque hay algo dentro de t\u00ed que se est\u00e1 moviendo&#8230;quiz\u00e1 hayas tomado conciencia de necesitar un cambio, te encuentras mal y no sabes muy bien por qu\u00e9, hay alguna emoci\u00f3n que te est\u00e1 resultando \u00faltimamente un tanto inc\u00f3moda, has vivido alguna situaci\u00f3n complicada y no sabes muy bien c\u00f3mo superarlo&#8230; sea la causa que sea por lo que est\u00e1s leyendo esto, lo que sabemos 100% es que te est\u00e1s planteando esto de ir al psic\u00f3logo, de comenzar una terapia.<\/p><p>Iniciar un proceso terap\u00e9utico es un gran paso, es aceptar que algo est\u00e1 sucediendo dentro de nosotros. En terapia encontrar\u00e1s un espacio para t\u00ed, en el que te sientas acogido, acompa\u00f1ado y escuchado, cre\u00e1ndose un clima de confianza, respeto y no juicio donde podamos trabajar juntos en aquello que necesites.<\/p>\t\t\t\t\t\t<\/div>\n\t\t\t\t<\/div>\n\t\t\t\t<\/div>\n\t\t<div class=\"elementor-element elementor-element-5f1b8e0 e-con-full e-flex e-con e-child\" data-id=\"5f1b8e0\" data-element_type=\"container\" data-settings=\"{&quot;content_width&quot;:&quot;full&quot;}\">\n\t\t\t\t<div class=\"elementor-element elementor-element-5d49974 elementor-widget elementor-widget-image\" data-id=\"5d49974\" data-element_type=\"widget\" data-widget_type=\"image.default\">\n\t\t\t\t<div class=\"elementor-widget-container\">\n\t\t\t<style>\/*! elementor - v3.16.0 - 20-09-2023 *\/\n.elementor-widget-image{text-align:center}.elementor-widget-image a{display:inline-block}.elementor-widget-image a img[src$=\".svg\"]{width:48px}.elementor-widget-image img{vertical-align:middle;display:inline-block}<\/style>\t\t\t\t\t\t\t\t\t\t\t\t<img decoding=\"async\" loading=\"lazy\" width=\"768\" height=\"1024\" src=\"https:\/\/centrodepsicologiadaimon.com\/wp-content\/uploads\/2023\/10\/WhatsApp-Image-2023-09-12-at-18.27.13-768x1024.jpeg\" class=\"attachment-medium_large size-medium_large wp-image-484\" alt=\"\" srcset=\"https:\/\/centrodepsicologiadaimon.com\/wp-content\/uploads\/2023\/10\/WhatsApp-Image-2023-09-12-at-18.27.13-768x1024.jpeg 768w, https:\/\/centrodepsicologiadaimon.com\/wp-content\/uploads\/2023\/10\/WhatsApp-Image-2023-09-12-at-18.27.13-225x300.jpeg 225w, https:\/\/centrodepsicologiadaimon.com\/wp-content\/uploads\/2023\/10\/WhatsApp-Image-2023-09-12-at-18.27.13-1152x1536.jpeg 1152w, https:\/\/centrodepsicologiadaimon.com\/wp-content\/uploads\/2023\/10\/WhatsApp-Image-2023-09-12-at-18.27.13-600x800.jpeg 600w, https:\/\/centrodepsicologiadaimon.com\/wp-content\/uploads\/2023\/10\/WhatsApp-Image-2023-09-12-at-18.27.13.jpeg 1200w\" sizes=\"100vw\" \/>\t\t\t\t\t\t\t\t\t\t\t\t\t\t\t<\/div>\n\t\t\t\t<\/div>\n\t\t\t\t<\/div>\n\t\t\t\t\t<\/div>\n\t\t\t\t<\/div>\n\t\t<div class=\"elementor-element elementor-element-6c630a8 e-flex e-con-boxed e-con e-parent\" data-id=\"6c630a8\" data-element_type=\"container\" data-settings=\"{&quot;content_width&quot;:&quot;boxed&quot;}\" data-core-v316-plus=\"true\">\n\t\t\t\t\t<div class=\"e-con-inner\">\n\t\t<div class=\"elementor-element elementor-element-50f835b e-con-full e-flex e-con e-child\" data-id=\"50f835b\" data-element_type=\"container\" data-settings=\"{&quot;content_width&quot;:&quot;full&quot;}\">\n\t\t\t\t<div class=\"elementor-element elementor-element-d762aa5 elementor-widget elementor-widget-image\" data-id=\"d762aa5\" data-element_type=\"widget\" data-widget_type=\"image.default\">\n\t\t\t\t<div class=\"elementor-widget-container\">\n\t\t\t\t\t\t\t\t\t\t\t\t\t\t\t<img decoding=\"async\" src=\"https:\/\/centrodepsicologiadaimon.com\/wp-content\/uploads\/elementor\/thumbs\/WhatsApp-Image-2023-09-12-at-18.27.10-1-qdy2dsk7xlq1h0l8ayfvu0rlyi9elud4q3fr1vfgdc.jpeg\" title=\"WhatsApp Image 2023-09-12 at 18.27.10 (1)\" alt=\"WhatsApp Image 2023-09-12 at 18.27.10 (1)\" loading=\"lazy\" \/>\t\t\t\t\t\t\t\t\t\t\t\t\t\t\t<\/div>\n\t\t\t\t<\/div>\n\t\t\t\t<\/div>\n\t\t<div class=\"elementor-element elementor-element-3e9dc3e e-con-full e-flex e-con e-child\" data-id=\"3e9dc3e\" data-element_type=\"container\" data-settings=\"{&quot;content_width&quot;:&quot;full&quot;}\">\n\t\t\t\t<div class=\"elementor-element elementor-element-db6503f elementor-widget elementor-widget-text-editor\" data-id=\"db6503f\" data-element_type=\"widget\" data-widget_type=\"text-editor.default\">\n\t\t\t\t<div class=\"elementor-widget-container\">\n\t\t\t\t\t\t\t<p>\u00bfQu\u00e9 podemos trabajar en Centro de Psicolog\u00eda Daimon?<\/p><ul><li><em>\u00a0Autoestima e inseguridades<\/em><\/li><li><em>Depresi\u00f3n\u00a0<\/em><\/li><li><em>\u00a0Ansiedad y estr\u00e9s<\/em><\/li><li><em>Duelo ante la p\u00e9rdida de un ser querido<\/em><\/li><li><em>Duelo perinatal<\/em><\/li><li><em>Dependencia emocional<\/em><\/li><li><em>Sentimientos de vac\u00edo e insatisfacci\u00f3n<\/em><\/li><li><em>Ruptura de pareja<\/em><\/li><li><em>Momentos de crisis personal<\/em><\/li><li><em>Miedos<\/em><\/li><li><em>Y mucho m\u00e1s\u2026<\/em><\/li><\/ul>\t\t\t\t\t\t<\/div>\n\t\t\t\t<\/div>\n\t\t\t\t<\/div>\n\t\t\t\t\t<\/div>\n\t\t\t\t<\/div>\n\t\t<div class=\"elementor-element elementor-element-68eb5e3 e-flex e-con-boxed e-con e-parent\" data-id=\"68eb5e3\" data-element_type=\"container\" data-settings=\"{&quot;content_width&quot;:&quot;boxed&quot;}\" data-core-v316-plus=\"true\">\n\t\t\t\t\t<div class=\"e-con-inner\">\n\t\t\t\t<div class=\"elementor-element elementor-element-e929dee elementor-widget-divider--view-line elementor-widget elementor-widget-divider\" data-id=\"e929dee\" data-element_type=\"widget\" data-widget_type=\"divider.default\">\n\t\t\t\t<div class=\"elementor-widget-container\">\n\t\t\t<style>\/*! elementor - v3.16.0 - 20-09-2023 *\/\n.elementor-widget-divider{--divider-border-style:none;--divider-border-width:1px;--divider-color:#0c0d0e;--divider-icon-size:20px;--divider-element-spacing:10px;--divider-pattern-height:24px;--divider-pattern-size:20px;--divider-pattern-url:none;--divider-pattern-repeat:repeat-x}.elementor-widget-divider .elementor-divider{display:flex}.elementor-widget-divider .elementor-divider__text{font-size:15px;line-height:1;max-width:95%}.elementor-widget-divider .elementor-divider__element{margin:0 var(--divider-element-spacing);flex-shrink:0}.elementor-widget-divider .elementor-icon{font-size:var(--divider-icon-size)}.elementor-widget-divider .elementor-divider-separator{display:flex;margin:0;direction:ltr}.elementor-widget-divider--view-line_icon .elementor-divider-separator,.elementor-widget-divider--view-line_text .elementor-divider-separator{align-items:center}.elementor-widget-divider--view-line_icon .elementor-divider-separator:after,.elementor-widget-divider--view-line_icon .elementor-divider-separator:before,.elementor-widget-divider--view-line_text .elementor-divider-separator:after,.elementor-widget-divider--view-line_text .elementor-divider-separator:before{display:block;content:\"\";border-bottom:0;flex-grow:1;border-top:var(--divider-border-width) var(--divider-border-style) var(--divider-color)}.elementor-widget-divider--element-align-left .elementor-divider .elementor-divider-separator>.elementor-divider__svg:first-of-type{flex-grow:0;flex-shrink:100}.elementor-widget-divider--element-align-left .elementor-divider-separator:before{content:none}.elementor-widget-divider--element-align-left .elementor-divider__element{margin-left:0}.elementor-widget-divider--element-align-right .elementor-divider .elementor-divider-separator>.elementor-divider__svg:last-of-type{flex-grow:0;flex-shrink:100}.elementor-widget-divider--element-align-right .elementor-divider-separator:after{content:none}.elementor-widget-divider--element-align-right .elementor-divider__element{margin-right:0}.elementor-widget-divider:not(.elementor-widget-divider--view-line_text):not(.elementor-widget-divider--view-line_icon) .elementor-divider-separator{border-top:var(--divider-border-width) var(--divider-border-style) var(--divider-color)}.elementor-widget-divider--separator-type-pattern{--divider-border-style:none}.elementor-widget-divider--separator-type-pattern.elementor-widget-divider--view-line .elementor-divider-separator,.elementor-widget-divider--separator-type-pattern:not(.elementor-widget-divider--view-line) .elementor-divider-separator:after,.elementor-widget-divider--separator-type-pattern:not(.elementor-widget-divider--view-line) .elementor-divider-separator:before,.elementor-widget-divider--separator-type-pattern:not([class*=elementor-widget-divider--view]) .elementor-divider-separator{width:100%;min-height:var(--divider-pattern-height);-webkit-mask-size:var(--divider-pattern-size) 100%;mask-size:var(--divider-pattern-size) 100%;-webkit-mask-repeat:var(--divider-pattern-repeat);mask-repeat:var(--divider-pattern-repeat);background-color:var(--divider-color);-webkit-mask-image:var(--divider-pattern-url);mask-image:var(--divider-pattern-url)}.elementor-widget-divider--no-spacing{--divider-pattern-size:auto}.elementor-widget-divider--bg-round{--divider-pattern-repeat:round}.rtl .elementor-widget-divider .elementor-divider__text{direction:rtl}.e-con-inner>.elementor-widget-divider,.e-con>.elementor-widget-divider{width:var(--container-widget-width,100%);--flex-grow:var(--container-widget-flex-grow)}<\/style>\t\t<div class=\"elementor-divider\">\n\t\t\t<span class=\"elementor-divider-separator\">\n\t\t\t\t\t\t<\/span>\n\t\t<\/div>\n\t\t\t\t<\/div>\n\t\t\t\t<\/div>\n\t\t\t\t\t<\/div>\n\t\t\t\t<\/div>\n\t\t<div class=\"elementor-element elementor-element-a5142ac e-flex e-con-boxed e-con e-parent\" data-id=\"a5142ac\" data-element_type=\"container\" data-settings=\"{&quot;content_width&quot;:&quot;boxed&quot;}\" data-core-v316-plus=\"true\">\n\t\t\t\t\t<div class=\"e-con-inner\">\n\t\t\t\t<div class=\"elementor-element elementor-element-614fd8c elementor-align-center elementor-widget elementor-widget-button\" data-id=\"614fd8c\" data-element_type=\"widget\" data-widget_type=\"button.default\">\n\t\t\t\t<div class=\"elementor-widget-container\">\n\t\t\t\t\t<div class=\"elementor-button-wrapper\">\n\t\t\t<a class=\"elementor-button elementor-button-link elementor-size-md\" href=\"https:\/\/centrodepsicologiadaimon.com\/index.php\/reserva-tu-cita\/\">\n\t\t\t\t\t\t<span class=\"elementor-button-content-wrapper\">\n\t\t\t\t\t\t<span class=\"elementor-button-text\">RESERVA TU CITA<\/span>\n\t\t<\/span>\n\t\t\t\t\t<\/a>\n\t\t<\/div>\n\t\t\t\t<\/div>\n\t\t\t\t<\/div>\n\t\t\t\t\t<\/div>\n\t\t\t\t<\/div>\n\t\t<div class=\"elementor-element elementor-element-16f988b e-flex e-con-boxed e-con e-parent\" data-id=\"16f988b\" data-element_type=\"container\" data-settings=\"{&quot;content_width&quot;:&quot;boxed&quot;}\" data-core-v316-plus=\"true\">\n\t\t\t\t\t<div class=\"e-con-inner\">\n\t\t\t\t<div class=\"elementor-element elementor-element-0e8df75 elementor-widget-divider--view-line elementor-widget elementor-widget-divider\" data-id=\"0e8df75\" data-element_type=\"widget\" data-widget_type=\"divider.default\">\n\t\t\t\t<div class=\"elementor-widget-container\">\n\t\t\t\t\t<div class=\"elementor-divider\">\n\t\t\t<span class=\"elementor-divider-separator\">\n\t\t\t\t\t\t<\/span>\n\t\t<\/div>\n\t\t\t\t<\/div>\n\t\t\t\t<\/div>\n\t\t\t\t\t<\/div>\n\t\t\t\t<\/div>\n\t\t<div class=\"elementor-element elementor-element-3c29357 e-flex e-con-boxed e-con e-parent\" data-id=\"3c29357\" data-element_type=\"container\" data-settings=\"{&quot;content_width&quot;:&quot;boxed&quot;}\" data-core-v316-plus=\"true\">\n\t\t\t\t\t<div class=\"e-con-inner\">\n\t\t\t\t<div class=\"elementor-element elementor-element-b4917dd elementor-widget elementor-widget-heading\" data-id=\"b4917dd\" data-element_type=\"widget\" data-widget_type=\"heading.default\">\n\t\t\t\t<div class=\"elementor-widget-container\">\n\t\t\t<h2 class=\"elementor-heading-title elementor-size-xl\">\u00bfC\u00f3mo saber si necesito terapia?<\/h2>\t\t<\/div>\n\t\t\t\t<\/div>\n\t\t\t\t\t<\/div>\n\t\t\t\t<\/div>\n\t\t<div class=\"elementor-element elementor-element-297dba9 e-flex e-con-boxed e-con e-parent\" data-id=\"297dba9\" data-element_type=\"container\" data-settings=\"{&quot;content_width&quot;:&quot;boxed&quot;}\" data-core-v316-plus=\"true\">\n\t\t\t\t\t<div class=\"e-con-inner\">\n\t\t\t\t<div class=\"elementor-element elementor-element-8c49cb8 elementor-widget elementor-widget-html\" data-id=\"8c49cb8\" data-element_type=\"widget\" data-widget_type=\"html.default\">\n\t\t\t\t<div class=\"elementor-widget-container\">\n\t\t\t<!DOCTYPE html>\n<html>\n<head>\n    <style>\n        .container {\n            display: flex;\n            justify-content: center;\n            align-items: center;\n        }\n\n        .box {\n            width: 250px; \/* Ancho fijo para todas las cajas *\/\n            margin: 10px; \/* Espacio entre las cajas *\/\n        }\n\n        .left-box {\n            background-color: #FFFFFF;\n            border: 2px solid #B6BFB0;\n            border-radius: 10px;\n            padding: 10px;\n            text-align: center;\n        }\n\n        .right-box {\n            background-color: #F6BCA7;\n            border: 2px solid #F6BCA7;\n            border-radius: 10px;\n            padding: 10px;\n            text-align: center;\n        }\n\n        .bold {\n            font-weight: bold;\n        }\n    <\/style>\n<\/head>\n<body>\n    <div class=\"container\">\n        <div class=\"box\">\n            <div class=\"left-box\">\n                <span class=\"bold\">Si<\/span> tus emociones te desbordan\n            <\/div>\n        <\/div>\n        <div class=\"box\">\n            <div class=\"right-box\">\n                <span class=\"bold\">Si<\/span> tus miedos no te dejan avanzar\n            <\/div>\n        <\/div>\n    <\/div>\n    <div class=\"container\">\n        <div class=\"box\">\n            <div class=\"left-box\">\n                <span class=\"bold\">Si<\/span> nada te ilusiona ni te motiva\n            <\/div>\n        <\/div>\n        <div class=\"box\">\n            <div class=\"right-box\">\n                <span class=\"bold\">Si<\/span> has sufrido una p\u00e9rdida\n            <\/div>\n        <\/div>\n    <\/div>\n    <div class=\"container\">\n        <div class=\"box\">\n            <div class=\"left-box\">\n                <span class=\"bold\">Si<\/span> sientes que la ansiedad te controla\n            <\/div>\n        <\/div>\n        <div class=\"box\">\n            <div class=\"right-box\">\n               <span class=\"bold\">Si<\/span> te gustar\u00eda cambiar pero no sabes c\u00f3mo\n            <\/div>\n        <\/div>\n    <\/div>\n    <div class=\"container\">\n        <div class=\"box\">\n            <div class=\"left-box\">\n                <span class=\"bold\">Si<\/span> no te valoras\n            <\/div>\n        <\/div>\n        <div class=\"box\">\n            <div class=\"right-box\">\n                <span class=\"bold\">Si<\/span> tus relaciones son complicadas\n            <\/div>\n        <\/div>\n    <\/div>\n    <div class=\"container\">\n        <div class=\"box\">\n            <div class=\"left-box\">\n                <span class=\"bold\">Si<\/span> sientes que no puedes m\u00e1s\n            <\/div>\n        <\/div>\n        <div class=\"box\">\n            <div class=\"right-box\">\n                <span class=\"bold\">Si<\/span> tienes cambios de humor\n            <\/div>\n        <\/div>\n    <\/div>\n<\/body>\n<\/html>\t\t<\/div>\n\t\t\t\t<\/div>\n\t\t\t\t\t<\/div>\n\t\t\t\t<\/div>\n\t\t<div class=\"elementor-element elementor-element-d20fd1b e-flex e-con-boxed e-con e-parent\" data-id=\"d20fd1b\" data-element_type=\"container\" data-settings=\"{&quot;content_width&quot;:&quot;boxed&quot;}\" data-core-v316-plus=\"true\">\n\t\t\t\t\t<div class=\"e-con-inner\">\n\t\t<div class=\"elementor-element elementor-element-1f8557c e-flex e-con-boxed e-con e-child\" data-id=\"1f8557c\" data-element_type=\"container\" data-settings=\"{&quot;content_width&quot;:&quot;boxed&quot;}\">\n\t\t\t\t\t<div class=\"e-con-inner\">\n\t\t\t\t<div class=\"elementor-element elementor-element-7a56b6a elementor-widget elementor-widget-spacer\" data-id=\"7a56b6a\" data-element_type=\"widget\" data-widget_type=\"spacer.default\">\n\t\t\t\t<div class=\"elementor-widget-container\">\n\t\t\t<style>\/*! elementor - v3.16.0 - 20-09-2023 *\/\n.elementor-column .elementor-spacer-inner{height:var(--spacer-size)}.e-con{--container-widget-width:100%}.e-con-inner>.elementor-widget-spacer,.e-con>.elementor-widget-spacer{width:var(--container-widget-width,var(--spacer-size));--align-self:var(--container-widget-align-self,initial);--flex-shrink:0}.e-con-inner>.elementor-widget-spacer>.elementor-widget-container,.e-con>.elementor-widget-spacer>.elementor-widget-container{height:100%;width:100%}.e-con-inner>.elementor-widget-spacer>.elementor-widget-container>.elementor-spacer,.e-con>.elementor-widget-spacer>.elementor-widget-container>.elementor-spacer{height:100%}.e-con-inner>.elementor-widget-spacer>.elementor-widget-container>.elementor-spacer>.elementor-spacer-inner,.e-con>.elementor-widget-spacer>.elementor-widget-container>.elementor-spacer>.elementor-spacer-inner{height:var(--container-widget-height,var(--spacer-size))}.e-con-inner>.elementor-widget-spacer.elementor-widget-empty,.e-con>.elementor-widget-spacer.elementor-widget-empty{position:relative;min-height:22px;min-width:22px}.e-con-inner>.elementor-widget-spacer.elementor-widget-empty .elementor-widget-empty-icon,.e-con>.elementor-widget-spacer.elementor-widget-empty .elementor-widget-empty-icon{position:absolute;top:0;bottom:0;left:0;right:0;margin:auto;padding:0;width:22px;height:22px}<\/style>\t\t<div class=\"elementor-spacer\">\n\t\t\t<div class=\"elementor-spacer-inner\"><\/div>\n\t\t<\/div>\n\t\t\t\t<\/div>\n\t\t\t\t<\/div>\n\t\t\t\t<div class=\"elementor-element elementor-element-7b1330a elementor-widget elementor-widget-heading\" data-id=\"7b1330a\" data-element_type=\"widget\" data-widget_type=\"heading.default\">\n\t\t\t\t<div class=\"elementor-widget-container\">\n\t\t\t<h2 class=\"elementor-heading-title elementor-size-xl\">Beneficios de la terapia<\/h2>\t\t<\/div>\n\t\t\t\t<\/div>\n\t\t\t\t\t<\/div>\n\t\t\t\t<\/div>\n\t\t\t\t\t<\/div>\n\t\t\t\t<\/div>\n\t\t<div class=\"elementor-element elementor-element-9e42a91 e-flex e-con-boxed e-con e-parent\" data-id=\"9e42a91\" data-element_type=\"container\" data-settings=\"{&quot;content_width&quot;:&quot;boxed&quot;}\" data-core-v316-plus=\"true\">\n\t\t\t\t\t<div class=\"e-con-inner\">\n\t\t\t\t<div class=\"elementor-element elementor-element-aeb2a55 elementor-widget elementor-widget-html\" data-id=\"aeb2a55\" data-element_type=\"widget\" data-widget_type=\"html.default\">\n\t\t\t\t<div class=\"elementor-widget-container\">\n\t\t\t<!DOCTYPE html>\n<html>\n<head>\n  <link rel=\"stylesheet\" href=\"https:\/\/cdnjs.cloudflare.com\/ajax\/libs\/font-awesome\/6.2.2\/css\/all.min.css\">\n  <style>\n    .benefits-list {\n      list-style-type: none;\n      padding: 0;\n    }\n\n    .benefit-item {\n      background-color: #F6BCA7;\n      border: 2px solid #F6BCA7;\n      border-radius: 10px;\n      margin-bottom: 10px;\n      padding: 10px;\n      display: flex;\n      align-items: center;\n    }\n\n    .benefit-icon-circle {\n      width: 30px;\n      height: 30px;\n      background-color: #F6BCA7;\n      border-radius: 50%;\n      display: flex;\n      justify-content: center;\n      align-items: center;\n    }\n\n    .benefit-icon {\n      font-size: 16px;\n      color: #fff;\n    }\n  <\/style>\n<\/head>\n<body>\n  <ul class=\"benefits-list\">\n    <li class=\"benefit-item\">\n      <div class=\"benefit-icon-circle\">\n        <i class=\"far fa-check benefit-icon\"><\/i>\n      <\/div>\n      Te ayuda a sentirte mejor contigo mismo\n    <\/li>\n    <li class=\"benefit-item\">\n      <div class=\"benefit-icon-circle\">\n        <i class=\"far fa-check benefit-icon\"><\/i>\n      <\/div>\n      Te ayuda a gestionar tus emociones\n    <\/li>\n    <li class=\"benefit-item\">\n      <div class=\"benefit-icon-circle\">\n        <i class=\"far fa-check benefit-icon\"><\/i>\n      <\/div>\n      Te ayuda a mejorar tus relaciones con los dem\u00e1s\n    <\/li>\n    <li class=\"benefit-item\">\n      <div class=\"benefit-icon-circle\">\n        <i class=\"far fa-check benefit-icon\"><\/i>\n      <\/div>\n      Te ayuda a gestionar diferentes situaciones\n    <\/li>\n    <li class=\"benefit-item\">\n      <div class=\"benefit-icon-circle\">\n        <i class=\"far fa-check benefit-icon\"><\/i>\n      <\/div>\n      Te ayuda a poner l\u00edmites\n    <\/li>\n    <li class=\"benefit-item\">\n      <div class=\"benefit-icon-circle\">\n        <i class=\"far fa-check benefit-icon\"><\/i>\n      <\/div>\n      Te ayuda a cuidarte\n    <\/li>\n    <li class=\"benefit-item\">\n      <div class=\"benefit-icon-circle\">\n        <i class=\"far fa-check benefit-icon\"><\/i>\n      <\/div>\n      Te ayuda a conocerte\n    <\/li>\n  <\/ul>\n<\/body>\n<\/html>\n\t\t<\/div>\n\t\t\t\t<\/div>\n\t\t\t\t\t<\/div>\n\t\t\t\t<\/div>\n\t\t<div class=\"elementor-element elementor-element-4989689 e-flex e-con-boxed e-con e-parent\" data-id=\"4989689\" data-element_type=\"container\" data-settings=\"{&quot;content_width&quot;:&quot;boxed&quot;}\" data-core-v316-plus=\"true\">\n\t\t\t\t\t<div class=\"e-con-inner\">\n\t\t\t\t<div class=\"elementor-element elementor-element-762ad7a elementor-align-center elementor-widget elementor-widget-button\" data-id=\"762ad7a\" data-element_type=\"widget\" data-widget_type=\"button.default\">\n\t\t\t\t<div class=\"elementor-widget-container\">\n\t\t\t\t\t<div class=\"elementor-button-wrapper\">\n\t\t\t<a class=\"elementor-button elementor-button-link elementor-size-md\" href=\"https:\/\/centrodepsicologiadaimon.com\/index.php\/reserva-tu-cita\/\">\n\t\t\t\t\t\t<span class=\"elementor-button-content-wrapper\">\n\t\t\t\t\t\t<span class=\"elementor-button-text\">Reserva tu cita<\/span>\n\t\t<\/span>\n\t\t\t\t\t<\/a>\n\t\t<\/div>\n\t\t\t\t<\/div>\n\t\t\t\t<\/div>\n\t\t\t\t\t<\/div>\n\t\t\t\t<\/div>\n\t\t\t\t\t\t\t<\/div>\n\t\t","protected":false},"excerpt":{"rendered":"<p>Terapia de adultos en Valdemoro Si est\u00e1s leyendo esto es porque hay algo dentro de t\u00ed que se est\u00e1 moviendo&#8230;quiz\u00e1 hayas tomado conciencia de necesitar un cambio, te encuentras mal y no sabes muy bien por qu\u00e9, hay alguna emoci\u00f3n que te est\u00e1 resultando \u00faltimamente un tanto inc\u00f3moda, has vivido alguna situaci\u00f3n complicada y no &hellip; <\/p>\n<p class=\"link-more\"><a href=\"https:\/\/centrodepsicologiadaimon.com\/index.php\/terapia-de-adultos\/\" class=\"more-link\">Leer m\u00e1s<span class=\"screen-reader-text\"> \u00abTerapia de adultos\u00bb<\/span><\/a><\/p>\n","protected":false},"author":1,"featured_media":0,"parent":0,"menu_order":0,"comment_status":"closed","ping_status":"closed","template":"","meta":{"_monsterinsights_skip_tracking":false,"_monsterinsights_sitenote_active":false,"_monsterinsights_sitenote_note":"","_monsterinsights_sitenote_category":0,"footnotes":""},"aioseo_notices":[],"_links":{"self":[{"href":"https:\/\/centrodepsicologiadaimon.com\/index.php\/wp-json\/wp\/v2\/pages\/203"}],"collection":[{"href":"https:\/\/centrodepsicologiadaimon.com\/index.php\/wp-json\/wp\/v2\/pages"}],"about":[{"href":"https:\/\/centrodepsicologiadaimon.com\/index.php\/wp-json\/wp\/v2\/types\/page"}],"author":[{"embeddable":true,"href":"https:\/\/centrodepsicologiadaimon.com\/index.php\/wp-json\/wp\/v2\/users\/1"}],"replies":[{"embeddable":true,"href":"https:\/\/centrodepsicologiadaimon.com\/index.php\/wp-json\/wp\/v2\/comments?post=203"}],"version-history":[{"count":71,"href":"https:\/\/centrodepsicologiadaimon.com\/index.php\/wp-json\/wp\/v2\/pages\/203\/revisions"}],"predecessor-version":[{"id":1727,"href":"https:\/\/centrodepsicologiadaimon.com\/index.php\/wp-json\/wp\/v2\/pages\/203\/revisions\/1727"}],"wp:attachment":[{"href":"https:\/\/centrodepsicologiadaimon.com\/index.php\/wp-json\/wp\/v2\/media?parent=203"}],"curies":[{"name":"wp","href":"https:\/\/api.w.org\/{rel}","templated":true}]}}