{"id":1830,"date":"2026-04-28T16:33:09","date_gmt":"2026-04-28T14:33:09","guid":{"rendered":"https:\/\/centrodepsicologiadaimon.com\/?page_id=1830"},"modified":"2026-04-28T17:27:25","modified_gmt":"2026-04-28T15:27:25","slug":"tu-centro-de-psicologia-en-valdemoro","status":"publish","type":"page","link":"https:\/\/centrodepsicologiadaimon.com\/index.php\/tu-centro-de-psicologia-en-valdemoro\/","title":{"rendered":"Tu centro de Psicolog\u00eda en Valdemoro"},"content":{"rendered":"\t\t<div data-elementor-type=\"wp-page\" data-elementor-id=\"1830\" class=\"elementor elementor-1830\">\n\t\t\t\t\t\t\t<div class=\"elementor-element elementor-element-229aca6 e-flex e-con-boxed e-con e-parent\" data-id=\"229aca6\" data-element_type=\"container\" data-settings=\"{&quot;content_width&quot;:&quot;boxed&quot;}\" data-core-v316-plus=\"true\">\n\t\t\t\t\t<div class=\"e-con-inner\">\n\t\t\t\t<div class=\"elementor-element elementor-element-e5e641c elementor-widget elementor-widget-text-editor\" data-id=\"e5e641c\" data-element_type=\"widget\" data-widget_type=\"text-editor.default\">\n\t\t\t\t<div class=\"elementor-widget-container\">\n\t\t\t<style>\/*! elementor - v3.16.0 - 20-09-2023 *\/\n.elementor-widget-text-editor.elementor-drop-cap-view-stacked .elementor-drop-cap{background-color:#69727d;color:#fff}.elementor-widget-text-editor.elementor-drop-cap-view-framed .elementor-drop-cap{color:#69727d;border:3px solid;background-color:transparent}.elementor-widget-text-editor:not(.elementor-drop-cap-view-default) .elementor-drop-cap{margin-top:8px}.elementor-widget-text-editor:not(.elementor-drop-cap-view-default) .elementor-drop-cap-letter{width:1em;height:1em}.elementor-widget-text-editor .elementor-drop-cap{float:left;text-align:center;line-height:1;font-size:50px}.elementor-widget-text-editor .elementor-drop-cap-letter{display:inline-block}<\/style>\t\t\t\t<p>Bienvenido a Tu Centro de Psicolog\u00eda en Valdemoro, un espacio creado para acompa\u00f1arte con cercan\u00eda, respeto y profesionalidad en cada etapa de tu vida.<\/p><p>A trav\u00e9s de este peque\u00f1o v\u00eddeo queremos abrirte la puerta a un centro donde lo importante eres t\u00fa: tu historia, tu ritmo, tu manera de sentir y de atravesar la vida. Aqu\u00ed no hay juicios ni prisas, solo escucha, respeto y un acompa\u00f1amiento cercano en los momentos en los que necesitas parar, entenderte o simplimente ser escuchado.<\/p><p>Estamos en la zona del Rest\u00f3n, en Valdemoro, ofreciendo atenci\u00f3n psicol\u00f3gica adaptada a las necesidades de cada persona, pareja o familia.<\/p><p>Si has llegado hasta aqu\u00ed, quiz\u00e1s sea el momento de darte ese espacio que llevas tiempo necesitando. Estamos contigo<\/p><p>\u00a0<\/p>\t\t\t\t\t\t<\/div>\n\t\t\t\t<\/div>\n\t\t\t\t\t<\/div>\n\t\t\t\t<\/div>\n\t\t<div class=\"elementor-element elementor-element-826df8e e-flex e-con-boxed e-con e-parent\" data-id=\"826df8e\" data-element_type=\"container\" data-settings=\"{&quot;content_width&quot;:&quot;boxed&quot;}\" data-core-v316-plus=\"true\">\n\t\t\t\t\t<div class=\"e-con-inner\">\n\t\t\t\t<div class=\"elementor-element elementor-element-e848f23 elementor-widget elementor-widget-video\" data-id=\"e848f23\" data-element_type=\"widget\" data-settings=\"{&quot;youtube_url&quot;:&quot;https:\\\/\\\/www.youtube.com\\\/embed\\\/P8cOmPLP8Z8&quot;,&quot;start&quot;:0,&quot;end&quot;:64,&quot;autoplay&quot;:&quot;yes&quot;,&quot;loop&quot;:&quot;yes&quot;,&quot;video_type&quot;:&quot;youtube&quot;,&quot;controls&quot;:&quot;yes&quot;}\" data-widget_type=\"video.default\">\n\t\t\t\t<div class=\"elementor-widget-container\">\n\t\t\t<style>\/*! elementor - v3.16.0 - 20-09-2023 *\/\n.elementor-widget-video .elementor-widget-container{overflow:hidden;transform:translateZ(0)}.elementor-widget-video .elementor-wrapper{aspect-ratio:var(--video-aspect-ratio)}.elementor-widget-video .elementor-wrapper iframe,.elementor-widget-video .elementor-wrapper video{height:100%;width:100%;display:flex;border:none;background-color:#000}@supports not (aspect-ratio:1\/1){.elementor-widget-video .elementor-wrapper{position:relative;overflow:hidden;height:0;padding-bottom:calc(100% \/ var(--video-aspect-ratio))}.elementor-widget-video .elementor-wrapper iframe,.elementor-widget-video .elementor-wrapper video{position:absolute;top:0;right:0;bottom:0;left:0}}.elementor-widget-video .elementor-open-inline .elementor-custom-embed-image-overlay{position:absolute;top:0;right:0;bottom:0;left:0;background-size:cover;background-position:50%}.elementor-widget-video .elementor-custom-embed-image-overlay{cursor:pointer;text-align:center}.elementor-widget-video .elementor-custom-embed-image-overlay:hover .elementor-custom-embed-play i{opacity:1}.elementor-widget-video .elementor-custom-embed-image-overlay img{display:block;width:100%;aspect-ratio:var(--video-aspect-ratio);-o-object-fit:cover;object-fit:cover;-o-object-position:center center;object-position:center center}@supports not (aspect-ratio:1\/1){.elementor-widget-video .elementor-custom-embed-image-overlay{position:relative;overflow:hidden;height:0;padding-bottom:calc(100% \/ var(--video-aspect-ratio))}.elementor-widget-video .elementor-custom-embed-image-overlay img{position:absolute;top:0;right:0;bottom:0;left:0}}.elementor-widget-video .e-hosted-video .elementor-video{-o-object-fit:cover;object-fit:cover}.e-con-inner>.elementor-widget-video,.e-con>.elementor-widget-video{width:var(--container-widget-width);--flex-grow:var(--container-widget-flex-grow)}<\/style>\t\t<div class=\"elementor-wrapper elementor-open-inline\">\n\t\t\t<div class=\"elementor-video\"><\/div>\t\t<\/div>\n\t\t\t\t<\/div>\n\t\t\t\t<\/div>\n\t\t\t\t\t<\/div>\n\t\t\t\t<\/div>\n\t\t\t\t\t\t\t<\/div>\n\t\t","protected":false},"excerpt":{"rendered":"<p>Bienvenido a Tu Centro de Psicolog\u00eda en Valdemoro, un espacio creado para acompa\u00f1arte con cercan\u00eda, respeto y profesionalidad en cada etapa de tu vida. A trav\u00e9s de este peque\u00f1o v\u00eddeo queremos abrirte la puerta a un centro donde lo importante eres t\u00fa: tu historia, tu ritmo, tu manera de sentir y de atravesar la vida. &hellip; <\/p>\n<p class=\"link-more\"><a href=\"https:\/\/centrodepsicologiadaimon.com\/index.php\/tu-centro-de-psicologia-en-valdemoro\/\" class=\"more-link\">Leer m\u00e1s<span class=\"screen-reader-text\"> \u00abTu centro de Psicolog\u00eda en Valdemoro\u00bb<\/span><\/a><\/p>\n","protected":false},"author":1,"featured_media":0,"parent":0,"menu_order":0,"comment_status":"closed","ping_status":"closed","template":"","meta":{"om_disable_all_campaigns":false,"_monsterinsights_skip_tracking":false,"_monsterinsights_sitenote_active":false,"_monsterinsights_sitenote_note":"","_monsterinsights_sitenote_category":0,"footnotes":""},"aioseo_notices":[],"_links":{"self":[{"href":"https:\/\/centrodepsicologiadaimon.com\/index.php\/wp-json\/wp\/v2\/pages\/1830"}],"collection":[{"href":"https:\/\/centrodepsicologiadaimon.com\/index.php\/wp-json\/wp\/v2\/pages"}],"about":[{"href":"https:\/\/centrodepsicologiadaimon.com\/index.php\/wp-json\/wp\/v2\/types\/page"}],"author":[{"embeddable":true,"href":"https:\/\/centrodepsicologiadaimon.com\/index.php\/wp-json\/wp\/v2\/users\/1"}],"replies":[{"embeddable":true,"href":"https:\/\/centrodepsicologiadaimon.com\/index.php\/wp-json\/wp\/v2\/comments?post=1830"}],"version-history":[{"count":10,"href":"https:\/\/centrodepsicologiadaimon.com\/index.php\/wp-json\/wp\/v2\/pages\/1830\/revisions"}],"predecessor-version":[{"id":1845,"href":"https:\/\/centrodepsicologiadaimon.com\/index.php\/wp-json\/wp\/v2\/pages\/1830\/revisions\/1845"}],"wp:attachment":[{"href":"https:\/\/centrodepsicologiadaimon.com\/index.php\/wp-json\/wp\/v2\/media?parent=1830"}],"curies":[{"name":"wp","href":"https:\/\/api.w.org\/{rel}","templated":true}]}}